{"id":28850,"date":"2023-01-18T08:46:32","date_gmt":"2023-01-18T07:46:32","guid":{"rendered":"https:\/\/vocalize25.vocalize.eu\/case-study\/"},"modified":"2023-11-24T17:18:39","modified_gmt":"2023-11-24T16:18:39","slug":"case-study","status":"publish","type":"page","link":"https:\/\/www.vocalize.eu\/it\/case-study\/","title":{"rendered":"Case Study"},"content":{"rendered":"\t\t<div data-elementor-type=\"wp-page\" data-elementor-id=\"28850\" class=\"elementor elementor-28850\" data-elementor-post-type=\"page\">\n\t\t\t\t<div class=\"elementor-element elementor-element-66bd59d e-flex e-con-boxed e-con e-parent\" data-id=\"66bd59d\" data-element_type=\"container\" data-settings=\"{&quot;background_background&quot;:&quot;classic&quot;}\">\n\t\t\t\t\t<div class=\"e-con-inner\">\n\t\t<div class=\"elementor-element elementor-element-9cfb63b e-con-full e-flex e-con e-child\" data-id=\"9cfb63b\" data-element_type=\"container\">\n\t\t<div class=\"elementor-element elementor-element-0a37f01 e-con-full e-flex e-con e-child\" data-id=\"0a37f01\" data-element_type=\"container\">\n\t\t\t\t<div class=\"elementor-element elementor-element-6ad579f elementor-widget elementor-widget-heading\" data-id=\"6ad579f\" data-element_type=\"widget\" data-widget_type=\"heading.default\">\n\t\t\t\t<div class=\"elementor-widget-container\">\n\t\t\t\t\t<h2 class=\"elementor-heading-title elementor-size-default\">Case Study<\/h2>\t\t\t\t<\/div>\n\t\t\t\t<\/div>\n\t\t\t\t<\/div>\n\t\t<div class=\"elementor-element elementor-element-b288dda e-con-full elementor-hidden-tablet elementor-hidden-mobile e-flex e-con e-child\" data-id=\"b288dda\" data-element_type=\"container\">\n\t\t\t\t<\/div>\n\t\t\t\t<\/div>\n\t\t\t\t\t<\/div>\n\t\t\t\t<\/div>\n\t\t<div class=\"elementor-element elementor-element-3e3d1a1 e-flex e-con-boxed e-con e-parent\" data-id=\"3e3d1a1\" data-element_type=\"container\" data-settings=\"{&quot;background_background&quot;:&quot;classic&quot;}\">\n\t\t\t\t\t<div class=\"e-con-inner\">\n\t\t\t\t<div class=\"elementor-element elementor-element-bc3e7a6 elementor-widget elementor-widget-spacer\" data-id=\"bc3e7a6\" data-element_type=\"widget\" data-widget_type=\"spacer.default\">\n\t\t\t\t<div class=\"elementor-widget-container\">\n\t\t\t\t\t\t\t<div class=\"elementor-spacer\">\n\t\t\t<div class=\"elementor-spacer-inner\"><\/div>\n\t\t<\/div>\n\t\t\t\t\t\t<\/div>\n\t\t\t\t<\/div>\n\t\t\t\t<div class=\"elementor-element elementor-element-ae2cb66 elementor-widget elementor-widget-heading\" data-id=\"ae2cb66\" data-element_type=\"widget\" data-widget_type=\"heading.default\">\n\t\t\t\t<div class=\"elementor-widget-container\">\n\t\t\t\t\t<h2 class=\"elementor-heading-title elementor-size-default\">Leggi i nostri Case Study<\/h2>\t\t\t\t<\/div>\n\t\t\t\t<\/div>\n\t\t\t\t<div class=\"elementor-element elementor-element-a3c440d elementor-widget elementor-widget-spacer\" data-id=\"a3c440d\" data-element_type=\"widget\" data-widget_type=\"spacer.default\">\n\t\t\t\t<div class=\"elementor-widget-container\">\n\t\t\t\t\t\t\t<div class=\"elementor-spacer\">\n\t\t\t<div class=\"elementor-spacer-inner\"><\/div>\n\t\t<\/div>\n\t\t\t\t\t\t<\/div>\n\t\t\t\t<\/div>\n\t\t\t\t\t<\/div>\n\t\t\t\t<\/div>\n\t\t<div class=\"elementor-element elementor-element-4cee0e07 e-flex e-con-boxed e-con e-parent\" data-id=\"4cee0e07\" data-element_type=\"container\">\n\t\t\t\t\t<div class=\"e-con-inner\">\n\t\t\t\t<div class=\"elementor-element elementor-element-7d31452 elementor-widget elementor-widget-heading\" data-id=\"7d31452\" data-element_type=\"widget\" data-widget_type=\"heading.default\">\n\t\t\t\t<div class=\"elementor-widget-container\">\n\t\t\t\t\t<h3 class=\"elementor-heading-title elementor-size-default\">Aziende che hanno scelto vocalize<\/h3>\t\t\t\t<\/div>\n\t\t\t\t<\/div>\n\t\t\t\t\t<\/div>\n\t\t\t\t<\/div>\n\t\t<div class=\"elementor-element elementor-element-d55e8f1 e-con-full e-flex e-con e-parent\" data-id=\"d55e8f1\" data-element_type=\"container\" data-settings=\"{&quot;background_background&quot;:&quot;classic&quot;}\">\n\t\t\t\t<\/div>\n\t\t<div class=\"elementor-element elementor-element-8594c8f e-flex e-con-boxed e-con e-parent\" data-id=\"8594c8f\" data-element_type=\"container\">\n\t\t\t\t\t<div class=\"e-con-inner\">\n\t\t\t\t<div class=\"elementor-element elementor-element-315d098 elementor-widget elementor-widget-spacer\" data-id=\"315d098\" data-element_type=\"widget\" data-widget_type=\"spacer.default\">\n\t\t\t\t<div class=\"elementor-widget-container\">\n\t\t\t\t\t\t\t<div class=\"elementor-spacer\">\n\t\t\t<div class=\"elementor-spacer-inner\"><\/div>\n\t\t<\/div>\n\t\t\t\t\t\t<\/div>\n\t\t\t\t<\/div>\n\t\t\t\t\t<\/div>\n\t\t\t\t<\/div>\n\t\t\t\t<\/div>\n\t\t","protected":false},"excerpt":{"rendered":"<p>Case Study Leggi i nostri Case Study Italmark VOCALIZE per stoccaggi e ripristini CDU VOCALIZE per il voice picking in magazzino Aziende che hanno scelto vocalize &#8220;Grazie alla collaborazione con KFI, abbiamo introdotto VOCALIZE per le attivit\u00e0 di gestione di stoccaggio e ripristini. L&#8217;aspetto che ci ha colpito maggiormente \u00e8 la sua usabilit\u00e0: VOCALIZE pu\u00f2&hellip;<\/p>\n","protected":false},"author":2,"featured_media":0,"parent":0,"menu_order":0,"comment_status":"closed","ping_status":"closed","template":"elementor_header_footer","meta":{"_acf_changed":false,"_monsterinsights_skip_tracking":false,"_monsterinsights_sitenote_active":false,"_monsterinsights_sitenote_note":"","_monsterinsights_sitenote_category":0,"footnotes":""},"class_list":["post-28850","page","type-page","status-publish","hentry"],"acf":[],"yoast_head":"<!-- This site is optimized with the Yoast SEO plugin v25.8 - https:\/\/yoast.com\/wordpress\/plugins\/seo\/ -->\n<title>Case Study - VOCALIZE<\/title>\n<meta name=\"robots\" content=\"index, follow, max-snippet:-1, max-image-preview:large, max-video-preview:-1\" \/>\n<link rel=\"canonical\" href=\"https:\/\/www.vocalize.eu\/customer-stories\/\" \/>\n<meta property=\"og:locale\" content=\"it_IT\" \/>\n<meta property=\"og:type\" content=\"article\" \/>\n<meta property=\"og:title\" content=\"Case Study - VOCALIZE\" \/>\n<meta property=\"og:description\" content=\"Case Study Leggi i nostri Case Study Italmark VOCALIZE per stoccaggi e ripristini CDU VOCALIZE per il voice picking in magazzino Aziende che hanno scelto vocalize &#8220;Grazie alla collaborazione con KFI, abbiamo introdotto VOCALIZE per le attivit\u00e0 di gestione di stoccaggio e ripristini. L&#8217;aspetto che ci ha colpito maggiormente \u00e8 la sua usabilit\u00e0: VOCALIZE pu\u00f2&hellip;\" \/>\n<meta property=\"og:url\" content=\"https:\/\/www.vocalize.eu\/customer-stories\/\" \/>\n<meta property=\"og:site_name\" content=\"VOCALIZE\" \/>\n<meta property=\"article:modified_time\" content=\"2023-11-24T16:18:39+00:00\" \/>\n<meta property=\"og:image\" content=\"https:\/\/vocalize25.vocalize.eu\/wp-content\/uploads\/2023\/02\/Riepilogo-Case-Study_KFI_ITALMARK.jpg\" \/>\n<meta name=\"twitter:card\" content=\"summary_large_image\" \/>\n<meta name=\"twitter:label1\" content=\"Tempo di lettura stimato\" \/>\n\t<meta name=\"twitter:data1\" content=\"6 minuti\" \/>\n<script type=\"application\/ld+json\" class=\"yoast-schema-graph\">{\"@context\":\"https:\/\/schema.org\",\"@graph\":[{\"@type\":\"WebPage\",\"@id\":\"https:\/\/www.vocalize.eu\/customer-stories\/\",\"url\":\"https:\/\/www.vocalize.eu\/customer-stories\/\",\"name\":\"Case Study - VOCALIZE\",\"isPartOf\":{\"@id\":\"https:\/\/www.vocalize.eu\/#website\"},\"primaryImageOfPage\":{\"@id\":\"https:\/\/www.vocalize.eu\/customer-stories\/#primaryimage\"},\"image\":{\"@id\":\"https:\/\/www.vocalize.eu\/customer-stories\/#primaryimage\"},\"thumbnailUrl\":\"https:\/\/vocalize25.vocalize.eu\/wp-content\/uploads\/2023\/02\/Riepilogo-Case-Study_KFI_ITALMARK.jpg\",\"datePublished\":\"2023-01-18T07:46:32+00:00\",\"dateModified\":\"2023-11-24T16:18:39+00:00\",\"breadcrumb\":{\"@id\":\"https:\/\/www.vocalize.eu\/customer-stories\/#breadcrumb\"},\"inLanguage\":\"it-IT\",\"potentialAction\":[{\"@type\":\"ReadAction\",\"target\":[\"https:\/\/www.vocalize.eu\/customer-stories\/\"]}]},{\"@type\":\"ImageObject\",\"inLanguage\":\"it-IT\",\"@id\":\"https:\/\/www.vocalize.eu\/customer-stories\/#primaryimage\",\"url\":\"https:\/\/vocalize25.vocalize.eu\/wp-content\/uploads\/2023\/02\/Riepilogo-Case-Study_KFI_ITALMARK.jpg\",\"contentUrl\":\"https:\/\/vocalize25.vocalize.eu\/wp-content\/uploads\/2023\/02\/Riepilogo-Case-Study_KFI_ITALMARK.jpg\"},{\"@type\":\"BreadcrumbList\",\"@id\":\"https:\/\/www.vocalize.eu\/customer-stories\/#breadcrumb\",\"itemListElement\":[{\"@type\":\"ListItem\",\"position\":1,\"name\":\"Home\",\"item\":\"https:\/\/www.vocalize.eu\/it\/\"},{\"@type\":\"ListItem\",\"position\":2,\"name\":\"Case Study\"}]},{\"@type\":\"WebSite\",\"@id\":\"https:\/\/www.vocalize.eu\/#website\",\"url\":\"https:\/\/www.vocalize.eu\/\",\"name\":\"VOCALIZE\",\"description\":\"Next Level Fulfillment\",\"publisher\":{\"@id\":\"https:\/\/www.vocalize.eu\/#organization\"},\"potentialAction\":[{\"@type\":\"SearchAction\",\"target\":{\"@type\":\"EntryPoint\",\"urlTemplate\":\"https:\/\/www.vocalize.eu\/?s={search_term_string}\"},\"query-input\":{\"@type\":\"PropertyValueSpecification\",\"valueRequired\":true,\"valueName\":\"search_term_string\"}}],\"inLanguage\":\"it-IT\"},{\"@type\":\"Organization\",\"@id\":\"https:\/\/www.vocalize.eu\/#organization\",\"name\":\"VOCALIZE\",\"url\":\"https:\/\/www.vocalize.eu\/\",\"logo\":{\"@type\":\"ImageObject\",\"inLanguage\":\"it-IT\",\"@id\":\"https:\/\/www.vocalize.eu\/#\/schema\/logo\/image\/\",\"url\":\"https:\/\/www.lizevoice.com\/wp-content\/uploads\/2022\/11\/Logo_2022_LIZE-Voice_Sfumatura.png\",\"contentUrl\":\"https:\/\/www.lizevoice.com\/wp-content\/uploads\/2022\/11\/Logo_2022_LIZE-Voice_Sfumatura.png\",\"width\":1600,\"height\":494,\"caption\":\"VOCALIZE\"},\"image\":{\"@id\":\"https:\/\/www.vocalize.eu\/#\/schema\/logo\/image\/\"}}]}<\/script>\n<!-- \/ Yoast SEO plugin. -->","yoast_head_json":{"title":"Case Study - VOCALIZE","robots":{"index":"index","follow":"follow","max-snippet":"max-snippet:-1","max-image-preview":"max-image-preview:large","max-video-preview":"max-video-preview:-1"},"canonical":"https:\/\/www.vocalize.eu\/customer-stories\/","og_locale":"it_IT","og_type":"article","og_title":"Case Study - VOCALIZE","og_description":"Case Study Leggi i nostri Case Study Italmark VOCALIZE per stoccaggi e ripristini CDU VOCALIZE per il voice picking in magazzino Aziende che hanno scelto vocalize &#8220;Grazie alla collaborazione con KFI, abbiamo introdotto VOCALIZE per le attivit\u00e0 di gestione di stoccaggio e ripristini. L&#8217;aspetto che ci ha colpito maggiormente \u00e8 la sua usabilit\u00e0: VOCALIZE pu\u00f2&hellip;","og_url":"https:\/\/www.vocalize.eu\/customer-stories\/","og_site_name":"VOCALIZE","article_modified_time":"2023-11-24T16:18:39+00:00","og_image":[{"url":"https:\/\/vocalize25.vocalize.eu\/wp-content\/uploads\/2023\/02\/Riepilogo-Case-Study_KFI_ITALMARK.jpg","type":"","width":"","height":""}],"twitter_card":"summary_large_image","twitter_misc":{"Tempo di lettura stimato":"6 minuti"},"schema":{"@context":"https:\/\/schema.org","@graph":[{"@type":"WebPage","@id":"https:\/\/www.vocalize.eu\/customer-stories\/","url":"https:\/\/www.vocalize.eu\/customer-stories\/","name":"Case Study - VOCALIZE","isPartOf":{"@id":"https:\/\/www.vocalize.eu\/#website"},"primaryImageOfPage":{"@id":"https:\/\/www.vocalize.eu\/customer-stories\/#primaryimage"},"image":{"@id":"https:\/\/www.vocalize.eu\/customer-stories\/#primaryimage"},"thumbnailUrl":"https:\/\/vocalize25.vocalize.eu\/wp-content\/uploads\/2023\/02\/Riepilogo-Case-Study_KFI_ITALMARK.jpg","datePublished":"2023-01-18T07:46:32+00:00","dateModified":"2023-11-24T16:18:39+00:00","breadcrumb":{"@id":"https:\/\/www.vocalize.eu\/customer-stories\/#breadcrumb"},"inLanguage":"it-IT","potentialAction":[{"@type":"ReadAction","target":["https:\/\/www.vocalize.eu\/customer-stories\/"]}]},{"@type":"ImageObject","inLanguage":"it-IT","@id":"https:\/\/www.vocalize.eu\/customer-stories\/#primaryimage","url":"https:\/\/vocalize25.vocalize.eu\/wp-content\/uploads\/2023\/02\/Riepilogo-Case-Study_KFI_ITALMARK.jpg","contentUrl":"https:\/\/vocalize25.vocalize.eu\/wp-content\/uploads\/2023\/02\/Riepilogo-Case-Study_KFI_ITALMARK.jpg"},{"@type":"BreadcrumbList","@id":"https:\/\/www.vocalize.eu\/customer-stories\/#breadcrumb","itemListElement":[{"@type":"ListItem","position":1,"name":"Home","item":"https:\/\/www.vocalize.eu\/it\/"},{"@type":"ListItem","position":2,"name":"Case Study"}]},{"@type":"WebSite","@id":"https:\/\/www.vocalize.eu\/#website","url":"https:\/\/www.vocalize.eu\/","name":"VOCALIZE","description":"Next Level Fulfillment","publisher":{"@id":"https:\/\/www.vocalize.eu\/#organization"},"potentialAction":[{"@type":"SearchAction","target":{"@type":"EntryPoint","urlTemplate":"https:\/\/www.vocalize.eu\/?s={search_term_string}"},"query-input":{"@type":"PropertyValueSpecification","valueRequired":true,"valueName":"search_term_string"}}],"inLanguage":"it-IT"},{"@type":"Organization","@id":"https:\/\/www.vocalize.eu\/#organization","name":"VOCALIZE","url":"https:\/\/www.vocalize.eu\/","logo":{"@type":"ImageObject","inLanguage":"it-IT","@id":"https:\/\/www.vocalize.eu\/#\/schema\/logo\/image\/","url":"https:\/\/www.lizevoice.com\/wp-content\/uploads\/2022\/11\/Logo_2022_LIZE-Voice_Sfumatura.png","contentUrl":"https:\/\/www.lizevoice.com\/wp-content\/uploads\/2022\/11\/Logo_2022_LIZE-Voice_Sfumatura.png","width":1600,"height":494,"caption":"VOCALIZE"},"image":{"@id":"https:\/\/www.vocalize.eu\/#\/schema\/logo\/image\/"}}]}},"_links":{"self":[{"href":"https:\/\/www.vocalize.eu\/it\/wp-json\/wp\/v2\/pages\/28850","targetHints":{"allow":["GET"]}}],"collection":[{"href":"https:\/\/www.vocalize.eu\/it\/wp-json\/wp\/v2\/pages"}],"about":[{"href":"https:\/\/www.vocalize.eu\/it\/wp-json\/wp\/v2\/types\/page"}],"author":[{"embeddable":true,"href":"https:\/\/www.vocalize.eu\/it\/wp-json\/wp\/v2\/users\/2"}],"replies":[{"embeddable":true,"href":"https:\/\/www.vocalize.eu\/it\/wp-json\/wp\/v2\/comments?post=28850"}],"version-history":[{"count":39,"href":"https:\/\/www.vocalize.eu\/it\/wp-json\/wp\/v2\/pages\/28850\/revisions"}],"predecessor-version":[{"id":31554,"href":"https:\/\/www.vocalize.eu\/it\/wp-json\/wp\/v2\/pages\/28850\/revisions\/31554"}],"wp:attachment":[{"href":"https:\/\/www.vocalize.eu\/it\/wp-json\/wp\/v2\/media?parent=28850"}],"curies":[{"name":"wp","href":"https:\/\/api.w.org\/{rel}","templated":true}]}}