{"id":29249,"date":"2023-04-12T11:28:32","date_gmt":"2023-04-12T10:28:32","guid":{"rendered":"https:\/\/vocalize25.vocalize.eu\/software-client\/"},"modified":"2023-05-25T11:02:27","modified_gmt":"2023-05-25T10:02:27","slug":"software-client","status":"publish","type":"page","link":"https:\/\/www.vocalize.eu\/it\/componenti-del-sistema\/software-client\/","title":{"rendered":"Software Client"},"content":{"rendered":"\t\t<div data-elementor-type=\"wp-page\" data-elementor-id=\"29249\" class=\"elementor elementor-29249\" data-elementor-post-type=\"page\">\n\t\t\t\t<div class=\"elementor-element elementor-element-49289585 e-flex e-con-boxed e-con e-parent\" data-id=\"49289585\" data-element_type=\"container\" data-settings=\"{&quot;background_background&quot;:&quot;classic&quot;}\">\n\t\t\t\t\t<div class=\"e-con-inner\">\n\t\t<div class=\"elementor-element elementor-element-414320c0 e-flex e-con-boxed e-con e-child\" data-id=\"414320c0\" data-element_type=\"container\">\n\t\t\t\t\t<div class=\"e-con-inner\">\n\t\t<div class=\"elementor-element elementor-element-2ca6a883 e-con-full e-flex e-con e-child\" data-id=\"2ca6a883\" data-element_type=\"container\">\n\t\t\t\t<div class=\"elementor-element elementor-element-19e3050f elementor-widget-tablet__width-initial elementor-widget-mobile__width-inherit elementor-widget elementor-widget-heading\" data-id=\"19e3050f\" data-element_type=\"widget\" data-widget_type=\"heading.default\">\n\t\t\t\t<div class=\"elementor-widget-container\">\n\t\t\t\t\t<h2 class=\"elementor-heading-title elementor-size-default\">Software Client VOCALIZE<\/h2>\t\t\t\t<\/div>\n\t\t\t\t<\/div>\n\t\t\t\t<div class=\"elementor-element elementor-element-7a42381b elementor-widget__width-initial elementor-widget-tablet__width-initial elementor-widget-mobile__width-initial elementor-widget elementor-widget-text-editor\" data-id=\"7a42381b\" data-element_type=\"widget\" data-widget_type=\"text-editor.default\">\n\t\t\t\t<div class=\"elementor-widget-container\">\n\t\t\t\t\t\t\t\t\t<p>Il software client VOCALIZE utilizza la tecnologia pi\u00f9 avanzata nel campo delle Applicazioni Industriali di Riconoscimento Vocale.<\/p>\n<p>Grazie all&#8217;utilizzo di Algoritmi di Intelligenza Artificiale, supporta il riconoscimento vocale di utenti multinazionali in grado di comprendere le variazioni fonetiche e gli accenti marcati di utenti diversi.<\/p>\n\t\t\t\t\t\t\t\t<\/div>\n\t\t\t\t<\/div>\n\t\t\t\t<\/div>\n\t\t<div class=\"elementor-element elementor-element-53c039f3 e-con-full e-flex e-con e-child\" data-id=\"53c039f3\" data-element_type=\"container\">\n\t\t\t\t<\/div>\n\t\t\t\t\t<\/div>\n\t\t\t\t<\/div>\n\t\t\t\t\t<\/div>\n\t\t\t\t<\/div>\n\t\t<div class=\"elementor-element elementor-element-4bd1648a e-flex e-con-boxed e-con e-parent\" data-id=\"4bd1648a\" data-element_type=\"container\">\n\t\t\t\t\t<div class=\"e-con-inner\">\n\t\t<div class=\"elementor-element elementor-element-539e3005 e-con-full e-flex e-con e-child\" data-id=\"539e3005\" data-element_type=\"container\" data-settings=\"{&quot;background_background&quot;:&quot;classic&quot;}\">\n\t\t\t\t<\/div>\n\t\t<div class=\"elementor-element elementor-element-de943e7 e-con-full e-flex e-con e-child\" data-id=\"de943e7\" data-element_type=\"container\">\n\t\t\t\t<div class=\"elementor-element elementor-element-ff52cfa elementor-widget elementor-widget-heading\" data-id=\"ff52cfa\" data-element_type=\"widget\" data-widget_type=\"heading.default\">\n\t\t\t\t<div class=\"elementor-widget-container\">\n\t\t\t\t\t<h2 class=\"elementor-heading-title elementor-size-default\">Hardware Independent<\/h2>\t\t\t\t<\/div>\n\t\t\t\t<\/div>\n\t\t\t\t<div class=\"elementor-element elementor-element-709d057 elementor-widget elementor-widget-text-editor\" data-id=\"709d057\" data-element_type=\"widget\" data-settings=\"{&quot;motion_fx_motion_fx_scrolling&quot;:&quot;yes&quot;,&quot;motion_fx_devices&quot;:[&quot;desktop&quot;,&quot;tablet&quot;,&quot;mobile&quot;]}\" data-widget_type=\"text-editor.default\">\n\t\t\t\t<div class=\"elementor-widget-container\">\n\t\t\t\t\t\t\t\t\t<p>VOCALIZE pu\u00f2 operare potenzialmente su qualsiasi dispositivo Android Enterprise. Integrato nel sistema operativo, pu\u00f2 sfruttare tutte le funzionalit\u00e0 del device per svolgere tutti i processi aziendali sul campo.<\/p>\n\t\t\t\t\t\t\t\t<\/div>\n\t\t\t\t<\/div>\n\t\t\t\t<div class=\"elementor-element elementor-element-cb9389c elementor-widget elementor-widget-text-editor\" data-id=\"cb9389c\" data-element_type=\"widget\" data-settings=\"{&quot;motion_fx_motion_fx_scrolling&quot;:&quot;yes&quot;,&quot;motion_fx_devices&quot;:[&quot;desktop&quot;,&quot;tablet&quot;,&quot;mobile&quot;]}\" data-widget_type=\"text-editor.default\">\n\t\t\t\t<div class=\"elementor-widget-container\">\n\t\t\t\t\t\t\t\t\t<p>VOCALIZE soddisfa un&#8217;ampia variet\u00e0 di esigenze, consentendo l&#8217;utilizzo delle <b>piattaforme hardware pi\u00f9 adatte alla vostra attivit\u00e0 aziendale<\/b>. Ogni processo pu\u00f2 essere abbinato al dispositivo pi\u00f9 adatto in base all&#8217;utente, all&#8217;ambiente e ai requisiti dell&#8217;applicazione.<\/p>\n\t\t\t\t\t\t\t\t<\/div>\n\t\t\t\t<\/div>\n\t\t\t\t<\/div>\n\t\t\t\t\t<\/div>\n\t\t\t\t<\/div>\n\t\t<div class=\"elementor-element elementor-element-58212f31 e-flex e-con-boxed e-con e-parent\" data-id=\"58212f31\" data-element_type=\"container\" data-settings=\"{&quot;background_background&quot;:&quot;gradient&quot;}\">\n\t\t\t\t\t<div class=\"e-con-inner\">\n\t\t\t\t\t<\/div>\n\t\t\t\t<\/div>\n\t\t<div class=\"elementor-element elementor-element-5ccdcd6d e-flex e-con-boxed e-con e-parent\" data-id=\"5ccdcd6d\" data-element_type=\"container\" data-settings=\"{&quot;background_background&quot;:&quot;classic&quot;}\">\n\t\t\t\t\t<div class=\"e-con-inner\">\n\t\t<div class=\"elementor-element elementor-element-7f918aa6 e-con-full e-flex e-con e-child\" data-id=\"7f918aa6\" data-element_type=\"container\">\n\t\t\t\t<div class=\"elementor-element elementor-element-16621213 elementor-widget elementor-widget-heading\" data-id=\"16621213\" data-element_type=\"widget\" data-widget_type=\"heading.default\">\n\t\t\t\t<div class=\"elementor-widget-container\">\n\t\t\t\t\t<h2 class=\"elementor-heading-title elementor-size-default\">Occhi e Mani Libere<\/h2>\t\t\t\t<\/div>\n\t\t\t\t<\/div>\n\t\t\t\t<div class=\"elementor-element elementor-element-1c0df9bf elementor-widget elementor-widget-text-editor\" data-id=\"1c0df9bf\" data-element_type=\"widget\" data-settings=\"{&quot;motion_fx_motion_fx_scrolling&quot;:&quot;yes&quot;,&quot;motion_fx_devices&quot;:[&quot;desktop&quot;,&quot;tablet&quot;,&quot;mobile&quot;]}\" data-widget_type=\"text-editor.default\">\n\t\t\t\t<div class=\"elementor-widget-container\">\n\t\t\t\t\t\t\t\t\t<p>Gli operatori, gestendo le attivit\u00e0 attraverso semplici input vocali, lavorano con occhi e mani libere, avvantaggiandosi di una migliore ergonomia e di una concentrazione superiore: un\u2019alternativa ai sistemi tradizionali RF e Pick-to-Light (PTL), ma anche alle vecchie liste cartacee e alle etichette per il prelievo.<\/p>\n\t\t\t\t\t\t\t\t<\/div>\n\t\t\t\t<\/div>\n\t\t\t\t<div class=\"elementor-element elementor-element-756a47c elementor-widget elementor-widget-text-editor\" data-id=\"756a47c\" data-element_type=\"widget\" data-settings=\"{&quot;motion_fx_motion_fx_scrolling&quot;:&quot;yes&quot;,&quot;motion_fx_devices&quot;:[&quot;desktop&quot;,&quot;tablet&quot;,&quot;mobile&quot;]}\" data-widget_type=\"text-editor.default\">\n\t\t\t\t<div class=\"elementor-widget-container\">\n\t\t\t\t\t\t\t\t\t<p>Questo approccio garantisce agli utenti una migliore ergonomia, riduce gli errori, aumenta la produttivit\u00e0 e la sicurezza.<\/p>\n\t\t\t\t\t\t\t\t<\/div>\n\t\t\t\t<\/div>\n\t\t\t\t<\/div>\n\t\t<div class=\"elementor-element elementor-element-669a3f33 e-con-full e-flex e-con e-child\" data-id=\"669a3f33\" data-element_type=\"container\" data-settings=\"{&quot;background_background&quot;:&quot;classic&quot;}\">\n\t\t\t\t<\/div>\n\t\t\t\t\t<\/div>\n\t\t\t\t<\/div>\n\t\t<div class=\"elementor-element elementor-element-30d64457 e-flex e-con-boxed e-con e-parent\" data-id=\"30d64457\" data-element_type=\"container\" data-settings=\"{&quot;background_background&quot;:&quot;gradient&quot;}\">\n\t\t\t\t\t<div class=\"e-con-inner\">\n\t\t\t\t\t<\/div>\n\t\t\t\t<\/div>\n\t\t<div class=\"elementor-element elementor-element-76d3aa33 e-flex e-con-boxed e-con e-parent\" data-id=\"76d3aa33\" data-element_type=\"container\">\n\t\t\t\t\t<div class=\"e-con-inner\">\n\t\t<div class=\"elementor-element elementor-element-2394df44 e-con-full e-flex e-con e-child\" data-id=\"2394df44\" data-element_type=\"container\" data-settings=\"{&quot;background_background&quot;:&quot;classic&quot;}\">\n\t\t\t\t<\/div>\n\t\t<div class=\"elementor-element elementor-element-5de125d2 e-con-full e-flex e-con e-child\" data-id=\"5de125d2\" data-element_type=\"container\">\n\t\t\t\t<div class=\"elementor-element elementor-element-5724df4 elementor-widget elementor-widget-heading\" data-id=\"5724df4\" data-element_type=\"widget\" data-widget_type=\"heading.default\">\n\t\t\t\t<div class=\"elementor-widget-container\">\n\t\t\t\t\t<h2 class=\"elementor-heading-title elementor-size-default\">Riconoscimento adattivo<\/h2>\t\t\t\t<\/div>\n\t\t\t\t<\/div>\n\t\t\t\t<div class=\"elementor-element elementor-element-386a576 elementor-widget elementor-widget-text-editor\" data-id=\"386a576\" data-element_type=\"widget\" data-settings=\"{&quot;motion_fx_motion_fx_scrolling&quot;:&quot;yes&quot;,&quot;motion_fx_devices&quot;:[&quot;desktop&quot;,&quot;tablet&quot;,&quot;mobile&quot;]}\" data-widget_type=\"text-editor.default\">\n\t\t\t\t<div class=\"elementor-widget-container\">\n\t\t\t\t\t\t\t\t\t<p>Grazie ad algoritmi di intelligenza artificiale, VOCALIZE filtra i rumori ambientali, i rumori elettrici causati dal dispositivo in uso e identifica chiaramente la voce dell&#8217;utente, rafforzando il riconoscimento nel corso del tempo.<\/p>\n\t\t\t\t\t\t\t\t<\/div>\n\t\t\t\t<\/div>\n\t\t\t\t<\/div>\n\t\t\t\t\t<\/div>\n\t\t\t\t<\/div>\n\t\t<div class=\"elementor-element elementor-element-75b91c1b e-flex e-con-boxed e-con e-parent\" data-id=\"75b91c1b\" data-element_type=\"container\" data-settings=\"{&quot;background_background&quot;:&quot;gradient&quot;}\">\n\t\t\t\t\t<div class=\"e-con-inner\">\n\t\t\t\t\t<\/div>\n\t\t\t\t<\/div>\n\t\t<div class=\"elementor-element elementor-element-1393e271 e-flex e-con-boxed e-con e-parent\" data-id=\"1393e271\" data-element_type=\"container\" data-settings=\"{&quot;background_background&quot;:&quot;classic&quot;}\">\n\t\t\t\t\t<div class=\"e-con-inner\">\n\t\t<div class=\"elementor-element elementor-element-6753ac99 e-con-full e-flex e-con e-child\" data-id=\"6753ac99\" data-element_type=\"container\">\n\t\t\t\t<div class=\"elementor-element elementor-element-2067d5cf elementor-widget elementor-widget-heading\" data-id=\"2067d5cf\" data-element_type=\"widget\" data-widget_type=\"heading.default\">\n\t\t\t\t<div class=\"elementor-widget-container\">\n\t\t\t\t\t<h2 class=\"elementor-heading-title elementor-size-default\">Coesistenza con i Sistemi Legacy<\/h2>\t\t\t\t<\/div>\n\t\t\t\t<\/div>\n\t\t\t\t<div class=\"elementor-element elementor-element-83e98f7 elementor-widget elementor-widget-text-editor\" data-id=\"83e98f7\" data-element_type=\"widget\" data-settings=\"{&quot;motion_fx_motion_fx_scrolling&quot;:&quot;yes&quot;,&quot;motion_fx_devices&quot;:[&quot;desktop&quot;,&quot;tablet&quot;,&quot;mobile&quot;]}\" data-widget_type=\"text-editor.default\">\n\t\t\t\t<div class=\"elementor-widget-container\">\n\t\t\t\t\t\t\t\t\t<p>VOCALIZE pu\u00f2 coesistere con impianti vocali preesistenti lavorando in modo completamente trasparente rispetto al sistema legacy.<\/p>\n\t\t\t\t\t\t\t\t<\/div>\n\t\t\t\t<\/div>\n\t\t\t\t<div class=\"elementor-element elementor-element-629d6b9 elementor-widget elementor-widget-text-editor\" data-id=\"629d6b9\" data-element_type=\"widget\" data-settings=\"{&quot;motion_fx_motion_fx_scrolling&quot;:&quot;yes&quot;,&quot;motion_fx_devices&quot;:[&quot;desktop&quot;,&quot;tablet&quot;,&quot;mobile&quot;]}\" data-widget_type=\"text-editor.default\">\n\t\t\t\t<div class=\"elementor-widget-container\">\n\t\t\t\t\t\t\t\t\t<p>Attraverso la riproduzione dei dialoghi correntemente in uso, VOCALIZE permette agli operatori di <b>lavorare mantenendo l\u2019interfaccia abituale<\/b> e di seguire esattamente lo stesso workflow.<\/p>\n\t\t\t\t\t\t\t\t<\/div>\n\t\t\t\t<\/div>\n\t\t\t\t<\/div>\n\t\t<div class=\"elementor-element elementor-element-a015b4 e-con-full e-flex e-con e-child\" data-id=\"a015b4\" data-element_type=\"container\" data-settings=\"{&quot;background_background&quot;:&quot;classic&quot;}\">\n\t\t\t\t<\/div>\n\t\t\t\t\t<\/div>\n\t\t\t\t<\/div>\n\t\t<div class=\"elementor-element elementor-element-64da7735 e-flex e-con-boxed e-con e-parent\" data-id=\"64da7735\" data-element_type=\"container\" data-settings=\"{&quot;background_background&quot;:&quot;gradient&quot;}\">\n\t\t\t\t\t<div class=\"e-con-inner\">\n\t\t\t\t\t<\/div>\n\t\t\t\t<\/div>\n\t\t<div class=\"elementor-element elementor-element-1c67b20d e-con-full e-flex e-con e-parent\" data-id=\"1c67b20d\" data-element_type=\"container\" data-settings=\"{&quot;background_background&quot;:&quot;classic&quot;}\">\n\t\t\t\t<\/div>\n\t\t\t\t<\/div>\n\t\t","protected":false},"excerpt":{"rendered":"<p>Software Client VOCALIZE Il software client VOCALIZE utilizza la tecnologia pi\u00f9 avanzata nel campo delle Applicazioni Industriali di Riconoscimento Vocale. Grazie all&#8217;utilizzo di Algoritmi di Intelligenza Artificiale, supporta il riconoscimento vocale di utenti multinazionali in grado di comprendere le variazioni fonetiche e gli accenti marcati di utenti diversi. Hardware Independent VOCALIZE pu\u00f2 operare potenzialmente su&hellip;<\/p>\n","protected":false},"author":2,"featured_media":0,"parent":29332,"menu_order":0,"comment_status":"closed","ping_status":"closed","template":"elementor_header_footer","meta":{"_acf_changed":false,"_monsterinsights_skip_tracking":false,"_monsterinsights_sitenote_active":false,"_monsterinsights_sitenote_note":"","_monsterinsights_sitenote_category":0,"footnotes":""},"class_list":["post-29249","page","type-page","status-publish","hentry"],"acf":[],"yoast_head":"<!-- This site is optimized with the Yoast SEO plugin v25.8 - https:\/\/yoast.com\/wordpress\/plugins\/seo\/ -->\n<title>Software Client - VOCALIZE<\/title>\n<meta name=\"robots\" content=\"index, follow, max-snippet:-1, max-image-preview:large, max-video-preview:-1\" \/>\n<link rel=\"canonical\" href=\"https:\/\/www.vocalize.eu\/system-components\/client-software\/\" \/>\n<meta property=\"og:locale\" content=\"it_IT\" \/>\n<meta property=\"og:type\" content=\"article\" \/>\n<meta property=\"og:title\" content=\"Software Client - VOCALIZE\" \/>\n<meta property=\"og:description\" content=\"Software Client VOCALIZE Il software client VOCALIZE utilizza la tecnologia pi\u00f9 avanzata nel campo delle Applicazioni Industriali di Riconoscimento Vocale. Grazie all&#8217;utilizzo di Algoritmi di Intelligenza Artificiale, supporta il riconoscimento vocale di utenti multinazionali in grado di comprendere le variazioni fonetiche e gli accenti marcati di utenti diversi. Hardware Independent VOCALIZE pu\u00f2 operare potenzialmente su&hellip;\" \/>\n<meta property=\"og:url\" content=\"https:\/\/www.vocalize.eu\/system-components\/client-software\/\" \/>\n<meta property=\"og:site_name\" content=\"VOCALIZE\" \/>\n<meta property=\"article:modified_time\" content=\"2023-05-25T10:02:27+00:00\" \/>\n<meta name=\"twitter:card\" content=\"summary_large_image\" \/>\n<meta name=\"twitter:label1\" content=\"Tempo di lettura stimato\" \/>\n\t<meta name=\"twitter:data1\" content=\"1 minuto\" \/>\n<script type=\"application\/ld+json\" class=\"yoast-schema-graph\">{\"@context\":\"https:\/\/schema.org\",\"@graph\":[{\"@type\":\"WebPage\",\"@id\":\"https:\/\/www.vocalize.eu\/system-components\/client-software\/\",\"url\":\"https:\/\/www.vocalize.eu\/system-components\/client-software\/\",\"name\":\"Software Client - VOCALIZE\",\"isPartOf\":{\"@id\":\"https:\/\/www.vocalize.eu\/#website\"},\"datePublished\":\"2023-04-12T10:28:32+00:00\",\"dateModified\":\"2023-05-25T10:02:27+00:00\",\"breadcrumb\":{\"@id\":\"https:\/\/www.vocalize.eu\/system-components\/client-software\/#breadcrumb\"},\"inLanguage\":\"it-IT\",\"potentialAction\":[{\"@type\":\"ReadAction\",\"target\":[\"https:\/\/www.vocalize.eu\/system-components\/client-software\/\"]}]},{\"@type\":\"BreadcrumbList\",\"@id\":\"https:\/\/www.vocalize.eu\/system-components\/client-software\/#breadcrumb\",\"itemListElement\":[{\"@type\":\"ListItem\",\"position\":1,\"name\":\"Home\",\"item\":\"https:\/\/www.vocalize.eu\/it\/\"},{\"@type\":\"ListItem\",\"position\":2,\"name\":\"Componenti del Sistema\",\"item\":\"https:\/\/www.vocalize.eu\/system-components\/\"},{\"@type\":\"ListItem\",\"position\":3,\"name\":\"Software Client\"}]},{\"@type\":\"WebSite\",\"@id\":\"https:\/\/www.vocalize.eu\/#website\",\"url\":\"https:\/\/www.vocalize.eu\/\",\"name\":\"VOCALIZE\",\"description\":\"Next Level Fulfillment\",\"publisher\":{\"@id\":\"https:\/\/www.vocalize.eu\/#organization\"},\"potentialAction\":[{\"@type\":\"SearchAction\",\"target\":{\"@type\":\"EntryPoint\",\"urlTemplate\":\"https:\/\/www.vocalize.eu\/?s={search_term_string}\"},\"query-input\":{\"@type\":\"PropertyValueSpecification\",\"valueRequired\":true,\"valueName\":\"search_term_string\"}}],\"inLanguage\":\"it-IT\"},{\"@type\":\"Organization\",\"@id\":\"https:\/\/www.vocalize.eu\/#organization\",\"name\":\"VOCALIZE\",\"url\":\"https:\/\/www.vocalize.eu\/\",\"logo\":{\"@type\":\"ImageObject\",\"inLanguage\":\"it-IT\",\"@id\":\"https:\/\/www.vocalize.eu\/#\/schema\/logo\/image\/\",\"url\":\"https:\/\/www.lizevoice.com\/wp-content\/uploads\/2022\/11\/Logo_2022_LIZE-Voice_Sfumatura.png\",\"contentUrl\":\"https:\/\/www.lizevoice.com\/wp-content\/uploads\/2022\/11\/Logo_2022_LIZE-Voice_Sfumatura.png\",\"width\":1600,\"height\":494,\"caption\":\"VOCALIZE\"},\"image\":{\"@id\":\"https:\/\/www.vocalize.eu\/#\/schema\/logo\/image\/\"}}]}<\/script>\n<!-- \/ Yoast SEO plugin. -->","yoast_head_json":{"title":"Software Client - VOCALIZE","robots":{"index":"index","follow":"follow","max-snippet":"max-snippet:-1","max-image-preview":"max-image-preview:large","max-video-preview":"max-video-preview:-1"},"canonical":"https:\/\/www.vocalize.eu\/system-components\/client-software\/","og_locale":"it_IT","og_type":"article","og_title":"Software Client - VOCALIZE","og_description":"Software Client VOCALIZE Il software client VOCALIZE utilizza la tecnologia pi\u00f9 avanzata nel campo delle Applicazioni Industriali di Riconoscimento Vocale. Grazie all&#8217;utilizzo di Algoritmi di Intelligenza Artificiale, supporta il riconoscimento vocale di utenti multinazionali in grado di comprendere le variazioni fonetiche e gli accenti marcati di utenti diversi. Hardware Independent VOCALIZE pu\u00f2 operare potenzialmente su&hellip;","og_url":"https:\/\/www.vocalize.eu\/system-components\/client-software\/","og_site_name":"VOCALIZE","article_modified_time":"2023-05-25T10:02:27+00:00","twitter_card":"summary_large_image","twitter_misc":{"Tempo di lettura stimato":"1 minuto"},"schema":{"@context":"https:\/\/schema.org","@graph":[{"@type":"WebPage","@id":"https:\/\/www.vocalize.eu\/system-components\/client-software\/","url":"https:\/\/www.vocalize.eu\/system-components\/client-software\/","name":"Software Client - VOCALIZE","isPartOf":{"@id":"https:\/\/www.vocalize.eu\/#website"},"datePublished":"2023-04-12T10:28:32+00:00","dateModified":"2023-05-25T10:02:27+00:00","breadcrumb":{"@id":"https:\/\/www.vocalize.eu\/system-components\/client-software\/#breadcrumb"},"inLanguage":"it-IT","potentialAction":[{"@type":"ReadAction","target":["https:\/\/www.vocalize.eu\/system-components\/client-software\/"]}]},{"@type":"BreadcrumbList","@id":"https:\/\/www.vocalize.eu\/system-components\/client-software\/#breadcrumb","itemListElement":[{"@type":"ListItem","position":1,"name":"Home","item":"https:\/\/www.vocalize.eu\/it\/"},{"@type":"ListItem","position":2,"name":"Componenti del Sistema","item":"https:\/\/www.vocalize.eu\/system-components\/"},{"@type":"ListItem","position":3,"name":"Software Client"}]},{"@type":"WebSite","@id":"https:\/\/www.vocalize.eu\/#website","url":"https:\/\/www.vocalize.eu\/","name":"VOCALIZE","description":"Next Level Fulfillment","publisher":{"@id":"https:\/\/www.vocalize.eu\/#organization"},"potentialAction":[{"@type":"SearchAction","target":{"@type":"EntryPoint","urlTemplate":"https:\/\/www.vocalize.eu\/?s={search_term_string}"},"query-input":{"@type":"PropertyValueSpecification","valueRequired":true,"valueName":"search_term_string"}}],"inLanguage":"it-IT"},{"@type":"Organization","@id":"https:\/\/www.vocalize.eu\/#organization","name":"VOCALIZE","url":"https:\/\/www.vocalize.eu\/","logo":{"@type":"ImageObject","inLanguage":"it-IT","@id":"https:\/\/www.vocalize.eu\/#\/schema\/logo\/image\/","url":"https:\/\/www.lizevoice.com\/wp-content\/uploads\/2022\/11\/Logo_2022_LIZE-Voice_Sfumatura.png","contentUrl":"https:\/\/www.lizevoice.com\/wp-content\/uploads\/2022\/11\/Logo_2022_LIZE-Voice_Sfumatura.png","width":1600,"height":494,"caption":"VOCALIZE"},"image":{"@id":"https:\/\/www.vocalize.eu\/#\/schema\/logo\/image\/"}}]}},"_links":{"self":[{"href":"https:\/\/www.vocalize.eu\/it\/wp-json\/wp\/v2\/pages\/29249","targetHints":{"allow":["GET"]}}],"collection":[{"href":"https:\/\/www.vocalize.eu\/it\/wp-json\/wp\/v2\/pages"}],"about":[{"href":"https:\/\/www.vocalize.eu\/it\/wp-json\/wp\/v2\/types\/page"}],"author":[{"embeddable":true,"href":"https:\/\/www.vocalize.eu\/it\/wp-json\/wp\/v2\/users\/2"}],"replies":[{"embeddable":true,"href":"https:\/\/www.vocalize.eu\/it\/wp-json\/wp\/v2\/comments?post=29249"}],"version-history":[{"count":0,"href":"https:\/\/www.vocalize.eu\/it\/wp-json\/wp\/v2\/pages\/29249\/revisions"}],"up":[{"embeddable":true,"href":"https:\/\/www.vocalize.eu\/it\/wp-json\/wp\/v2\/pages\/29332"}],"wp:attachment":[{"href":"https:\/\/www.vocalize.eu\/it\/wp-json\/wp\/v2\/media?parent=29249"}],"curies":[{"name":"wp","href":"https:\/\/api.w.org\/{rel}","templated":true}]}}