{"id":29279,"date":"2023-02-13T11:48:42","date_gmt":"2023-02-13T10:48:42","guid":{"rendered":"https:\/\/vocalize25.vocalize.eu\/emm\/"},"modified":"2023-05-25T14:07:31","modified_gmt":"2023-05-25T13:07:31","slug":"emm","status":"publish","type":"page","link":"https:\/\/www.vocalize.eu\/it\/servizi\/emm\/","title":{"rendered":"EMM"},"content":{"rendered":"\t\t<div data-elementor-type=\"wp-page\" data-elementor-id=\"29279\" class=\"elementor elementor-29279\" data-elementor-post-type=\"page\">\n\t\t\t\t<div class=\"elementor-element elementor-element-c6789f2 e-flex e-con-boxed e-con e-parent\" data-id=\"c6789f2\" data-element_type=\"container\" data-settings=\"{&quot;background_background&quot;:&quot;classic&quot;}\">\n\t\t\t\t\t<div class=\"e-con-inner\">\n\t\t<div class=\"elementor-element elementor-element-78439f7 e-con-full e-flex e-con e-child\" data-id=\"78439f7\" data-element_type=\"container\">\n\t\t<div class=\"elementor-element elementor-element-eee7d72 e-con-full e-flex e-con e-child\" data-id=\"eee7d72\" data-element_type=\"container\">\n\t\t\t\t<div class=\"elementor-element elementor-element-edb3e0f elementor-widget-tablet__width-initial elementor-widget-mobile__width-inherit elementor-widget elementor-widget-heading\" data-id=\"edb3e0f\" data-element_type=\"widget\" data-widget_type=\"heading.default\">\n\t\t\t\t<div class=\"elementor-widget-container\">\n\t\t\t\t\t<h2 class=\"elementor-heading-title elementor-size-default\">Enterprise Mobility Management<\/h2>\t\t\t\t<\/div>\n\t\t\t\t<\/div>\n\t\t\t\t<div class=\"elementor-element elementor-element-61cd50c elementor-widget__width-initial elementor-widget-tablet__width-initial elementor-widget-mobile__width-initial elementor-widget elementor-widget-text-editor\" data-id=\"61cd50c\" data-element_type=\"widget\" data-widget_type=\"text-editor.default\">\n\t\t\t\t<div class=\"elementor-widget-container\">\n\t\t\t\t\t\t\t\t\t<p>L&#8217;<strong>Enterprise Mobility Management<\/strong> \u00e8 una soluzione software finalizzata alla protezione dei dati aziendali sui dispositivi degli operatori, nonch\u00e9 alla configurazione, al controllo e al supporto dei device stessi.<\/p>\n\t\t\t\t\t\t\t\t<\/div>\n\t\t\t\t<\/div>\n\t\t\t\t<\/div>\n\t\t<div class=\"elementor-element elementor-element-ae465c4 elementor-hidden-tablet elementor-hidden-mobile e-con-full e-flex e-con e-child\" data-id=\"ae465c4\" data-element_type=\"container\">\n\t\t\t\t<\/div>\n\t\t\t\t<\/div>\n\t\t\t\t\t<\/div>\n\t\t\t\t<\/div>\n\t\t<div class=\"elementor-element elementor-element-4a52523 e-flex e-con-boxed e-con e-parent\" data-id=\"4a52523\" data-element_type=\"container\">\n\t\t\t\t\t<div class=\"e-con-inner\">\n\t\t<div class=\"elementor-element elementor-element-b67dbce e-con-full e-flex e-con e-child\" data-id=\"b67dbce\" data-element_type=\"container\" data-settings=\"{&quot;background_background&quot;:&quot;classic&quot;}\">\n\t\t\t\t<\/div>\n\t\t<div class=\"elementor-element elementor-element-12e2212 e-con-full e-flex e-con e-child\" data-id=\"12e2212\" data-element_type=\"container\">\n\t\t\t\t<div class=\"elementor-element elementor-element-d914699 elementor-widget elementor-widget-heading\" data-id=\"d914699\" data-element_type=\"widget\" data-widget_type=\"heading.default\">\n\t\t\t\t<div class=\"elementor-widget-container\">\n\t\t\t\t\t<h2 class=\"elementor-heading-title elementor-size-default\">Minimizza i Downtime<\/h2>\t\t\t\t<\/div>\n\t\t\t\t<\/div>\n\t\t\t\t<div class=\"elementor-element elementor-element-5916192 elementor-widget elementor-widget-text-editor\" data-id=\"5916192\" data-element_type=\"widget\" data-settings=\"{&quot;motion_fx_motion_fx_scrolling&quot;:&quot;yes&quot;,&quot;motion_fx_devices&quot;:[&quot;desktop&quot;,&quot;tablet&quot;,&quot;mobile&quot;]}\" data-widget_type=\"text-editor.default\">\n\t\t\t\t<div class=\"elementor-widget-container\">\n\t\t\t\t\t\t\t\t\t<p>La combinazione di un EMM con un sistema vocale minimizza i tempi di inattivit\u00e0 fornendo un&#8217;assistenza che pu\u00f2 essere fornita ovunque e in qualsiasi momento. Ci\u00f2 consente di ridurre i costi e l&#8217;insoddisfazione degli operatori, mettendo nelle loro mani tutti gli strumenti, le informazioni e il supporto necessari.<\/p>\n\t\t\t\t\t\t\t\t<\/div>\n\t\t\t\t<\/div>\n\t\t\t\t<\/div>\n\t\t\t\t\t<\/div>\n\t\t\t\t<\/div>\n\t\t<div class=\"elementor-element elementor-element-2cd24aa e-flex e-con-boxed e-con e-parent\" data-id=\"2cd24aa\" data-element_type=\"container\" data-settings=\"{&quot;background_background&quot;:&quot;gradient&quot;}\">\n\t\t\t\t\t<div class=\"e-con-inner\">\n\t\t\t\t\t<\/div>\n\t\t\t\t<\/div>\n\t\t<div class=\"elementor-element elementor-element-0493bfc e-flex e-con-boxed e-con e-parent\" data-id=\"0493bfc\" data-element_type=\"container\" data-settings=\"{&quot;background_background&quot;:&quot;classic&quot;}\">\n\t\t\t\t\t<div class=\"e-con-inner\">\n\t\t<div class=\"elementor-element elementor-element-715d1f1 e-con-full e-flex e-con e-child\" data-id=\"715d1f1\" data-element_type=\"container\" data-settings=\"{&quot;background_background&quot;:&quot;classic&quot;}\">\n\t\t\t\t<div class=\"elementor-element elementor-element-a37afdd elementor-widget elementor-widget-heading\" data-id=\"a37afdd\" data-element_type=\"widget\" data-widget_type=\"heading.default\">\n\t\t\t\t<div class=\"elementor-widget-container\">\n\t\t\t\t\t<h2 class=\"elementor-heading-title elementor-size-default\">Strategia Data-Driven<\/h2>\t\t\t\t<\/div>\n\t\t\t\t<\/div>\n\t\t\t\t<div class=\"elementor-element elementor-element-9c9eae9 elementor-widget elementor-widget-text-editor\" data-id=\"9c9eae9\" data-element_type=\"widget\" data-settings=\"{&quot;motion_fx_motion_fx_scrolling&quot;:&quot;yes&quot;,&quot;motion_fx_devices&quot;:[&quot;desktop&quot;,&quot;tablet&quot;,&quot;mobile&quot;]}\" data-widget_type=\"text-editor.default\">\n\t\t\t\t<div class=\"elementor-widget-container\">\n\t\t\t\t\t\t\t\t\t<p>Con questi due sistemi, \u00e8 pi\u00f9 facile implementare una strategia data-driven basata su informazioni, sistemi e report sempre aggiornati.<\/p>\n\t\t\t\t\t\t\t\t<\/div>\n\t\t\t\t<\/div>\n\t\t\t\t<\/div>\n\t\t<div class=\"elementor-element elementor-element-6c6576a e-con-full e-flex e-con e-child\" data-id=\"6c6576a\" data-element_type=\"container\" data-settings=\"{&quot;background_background&quot;:&quot;classic&quot;}\">\n\t\t\t\t<\/div>\n\t\t\t\t\t<\/div>\n\t\t\t\t<\/div>\n\t\t<div class=\"elementor-element elementor-element-09e46dc e-flex e-con-boxed e-con e-parent\" data-id=\"09e46dc\" data-element_type=\"container\" data-settings=\"{&quot;background_background&quot;:&quot;gradient&quot;}\">\n\t\t\t\t\t<div class=\"e-con-inner\">\n\t\t\t\t\t<\/div>\n\t\t\t\t<\/div>\n\t\t<div class=\"elementor-element elementor-element-13401f48 e-con-full e-flex e-con e-parent\" data-id=\"13401f48\" data-element_type=\"container\" data-settings=\"{&quot;background_background&quot;:&quot;classic&quot;}\">\n\t\t\t\t<\/div>\n\t\t\t\t<\/div>\n\t\t","protected":false},"excerpt":{"rendered":"<p>Enterprise Mobility Management L&#8217;Enterprise Mobility Management \u00e8 una soluzione software finalizzata alla protezione dei dati aziendali sui dispositivi degli operatori, nonch\u00e9 alla configurazione, al controllo e al supporto dei device stessi. Minimizza i Downtime La combinazione di un EMM con un sistema vocale minimizza i tempi di inattivit\u00e0 fornendo un&#8217;assistenza che pu\u00f2 essere fornita ovunque&hellip;<\/p>\n","protected":false},"author":2,"featured_media":31696,"parent":29328,"menu_order":0,"comment_status":"closed","ping_status":"closed","template":"elementor_header_footer","meta":{"_acf_changed":false,"_monsterinsights_skip_tracking":false,"_monsterinsights_sitenote_active":false,"_monsterinsights_sitenote_note":"","_monsterinsights_sitenote_category":0,"footnotes":""},"class_list":["post-29279","page","type-page","status-publish","has-post-thumbnail","hentry"],"acf":[],"yoast_head":"<!-- This site is optimized with the Yoast SEO plugin v25.8 - https:\/\/yoast.com\/wordpress\/plugins\/seo\/ -->\n<title>EMM - VOCALIZE<\/title>\n<meta name=\"robots\" content=\"index, follow, max-snippet:-1, max-image-preview:large, max-video-preview:-1\" \/>\n<link rel=\"canonical\" href=\"https:\/\/www.vocalize.eu\/services\/enterprise-mobility-management\/\" \/>\n<meta property=\"og:locale\" content=\"it_IT\" \/>\n<meta property=\"og:type\" content=\"article\" \/>\n<meta property=\"og:title\" content=\"EMM - VOCALIZE\" \/>\n<meta property=\"og:description\" content=\"Enterprise Mobility Management L&#8217;Enterprise Mobility Management \u00e8 una soluzione software finalizzata alla protezione dei dati aziendali sui dispositivi degli operatori, nonch\u00e9 alla configurazione, al controllo e al supporto dei device stessi. Minimizza i Downtime La combinazione di un EMM con un sistema vocale minimizza i tempi di inattivit\u00e0 fornendo un&#8217;assistenza che pu\u00f2 essere fornita ovunque&hellip;\" \/>\n<meta property=\"og:url\" content=\"https:\/\/www.vocalize.eu\/services\/enterprise-mobility-management\/\" \/>\n<meta property=\"og:site_name\" content=\"VOCALIZE\" \/>\n<meta property=\"article:modified_time\" content=\"2023-05-25T13:07:31+00:00\" \/>\n<meta property=\"og:image\" content=\"https:\/\/www.vocalize.eu\/wp-content\/uploads\/2023\/12\/Emm.jpg\" \/>\n\t<meta property=\"og:image:width\" content=\"1200\" \/>\n\t<meta property=\"og:image:height\" content=\"650\" \/>\n\t<meta property=\"og:image:type\" content=\"image\/jpeg\" \/>\n<meta name=\"twitter:card\" content=\"summary_large_image\" \/>\n<meta name=\"twitter:label1\" content=\"Tempo di lettura stimato\" \/>\n\t<meta name=\"twitter:data1\" content=\"1 minuto\" \/>\n<script type=\"application\/ld+json\" class=\"yoast-schema-graph\">{\"@context\":\"https:\/\/schema.org\",\"@graph\":[{\"@type\":\"WebPage\",\"@id\":\"https:\/\/www.vocalize.eu\/services\/enterprise-mobility-management\/\",\"url\":\"https:\/\/www.vocalize.eu\/services\/enterprise-mobility-management\/\",\"name\":\"EMM - VOCALIZE\",\"isPartOf\":{\"@id\":\"https:\/\/www.vocalize.eu\/#website\"},\"primaryImageOfPage\":{\"@id\":\"https:\/\/www.vocalize.eu\/services\/enterprise-mobility-management\/#primaryimage\"},\"image\":{\"@id\":\"https:\/\/www.vocalize.eu\/services\/enterprise-mobility-management\/#primaryimage\"},\"thumbnailUrl\":\"https:\/\/www.vocalize.eu\/wp-content\/uploads\/2023\/12\/Emm.jpg\",\"datePublished\":\"2023-02-13T10:48:42+00:00\",\"dateModified\":\"2023-05-25T13:07:31+00:00\",\"breadcrumb\":{\"@id\":\"https:\/\/www.vocalize.eu\/services\/enterprise-mobility-management\/#breadcrumb\"},\"inLanguage\":\"it-IT\",\"potentialAction\":[{\"@type\":\"ReadAction\",\"target\":[\"https:\/\/www.vocalize.eu\/services\/enterprise-mobility-management\/\"]}]},{\"@type\":\"ImageObject\",\"inLanguage\":\"it-IT\",\"@id\":\"https:\/\/www.vocalize.eu\/services\/enterprise-mobility-management\/#primaryimage\",\"url\":\"https:\/\/www.vocalize.eu\/wp-content\/uploads\/2023\/12\/Emm.jpg\",\"contentUrl\":\"https:\/\/www.vocalize.eu\/wp-content\/uploads\/2023\/12\/Emm.jpg\",\"width\":1200,\"height\":650,\"caption\":\"emm\"},{\"@type\":\"BreadcrumbList\",\"@id\":\"https:\/\/www.vocalize.eu\/services\/enterprise-mobility-management\/#breadcrumb\",\"itemListElement\":[{\"@type\":\"ListItem\",\"position\":1,\"name\":\"Home\",\"item\":\"https:\/\/www.vocalize.eu\/it\/\"},{\"@type\":\"ListItem\",\"position\":2,\"name\":\"Servizi\",\"item\":\"https:\/\/www.vocalize.eu\/services\/\"},{\"@type\":\"ListItem\",\"position\":3,\"name\":\"EMM\"}]},{\"@type\":\"WebSite\",\"@id\":\"https:\/\/www.vocalize.eu\/#website\",\"url\":\"https:\/\/www.vocalize.eu\/\",\"name\":\"VOCALIZE\",\"description\":\"Next Level Fulfillment\",\"publisher\":{\"@id\":\"https:\/\/www.vocalize.eu\/#organization\"},\"potentialAction\":[{\"@type\":\"SearchAction\",\"target\":{\"@type\":\"EntryPoint\",\"urlTemplate\":\"https:\/\/www.vocalize.eu\/?s={search_term_string}\"},\"query-input\":{\"@type\":\"PropertyValueSpecification\",\"valueRequired\":true,\"valueName\":\"search_term_string\"}}],\"inLanguage\":\"it-IT\"},{\"@type\":\"Organization\",\"@id\":\"https:\/\/www.vocalize.eu\/#organization\",\"name\":\"VOCALIZE\",\"url\":\"https:\/\/www.vocalize.eu\/\",\"logo\":{\"@type\":\"ImageObject\",\"inLanguage\":\"it-IT\",\"@id\":\"https:\/\/www.vocalize.eu\/#\/schema\/logo\/image\/\",\"url\":\"https:\/\/www.lizevoice.com\/wp-content\/uploads\/2022\/11\/Logo_2022_LIZE-Voice_Sfumatura.png\",\"contentUrl\":\"https:\/\/www.lizevoice.com\/wp-content\/uploads\/2022\/11\/Logo_2022_LIZE-Voice_Sfumatura.png\",\"width\":1600,\"height\":494,\"caption\":\"VOCALIZE\"},\"image\":{\"@id\":\"https:\/\/www.vocalize.eu\/#\/schema\/logo\/image\/\"}}]}<\/script>\n<!-- \/ Yoast SEO plugin. -->","yoast_head_json":{"title":"EMM - VOCALIZE","robots":{"index":"index","follow":"follow","max-snippet":"max-snippet:-1","max-image-preview":"max-image-preview:large","max-video-preview":"max-video-preview:-1"},"canonical":"https:\/\/www.vocalize.eu\/services\/enterprise-mobility-management\/","og_locale":"it_IT","og_type":"article","og_title":"EMM - VOCALIZE","og_description":"Enterprise Mobility Management L&#8217;Enterprise Mobility Management \u00e8 una soluzione software finalizzata alla protezione dei dati aziendali sui dispositivi degli operatori, nonch\u00e9 alla configurazione, al controllo e al supporto dei device stessi. Minimizza i Downtime La combinazione di un EMM con un sistema vocale minimizza i tempi di inattivit\u00e0 fornendo un&#8217;assistenza che pu\u00f2 essere fornita ovunque&hellip;","og_url":"https:\/\/www.vocalize.eu\/services\/enterprise-mobility-management\/","og_site_name":"VOCALIZE","article_modified_time":"2023-05-25T13:07:31+00:00","og_image":[{"width":1200,"height":650,"url":"https:\/\/www.vocalize.eu\/wp-content\/uploads\/2023\/12\/Emm.jpg","type":"image\/jpeg"}],"twitter_card":"summary_large_image","twitter_misc":{"Tempo di lettura stimato":"1 minuto"},"schema":{"@context":"https:\/\/schema.org","@graph":[{"@type":"WebPage","@id":"https:\/\/www.vocalize.eu\/services\/enterprise-mobility-management\/","url":"https:\/\/www.vocalize.eu\/services\/enterprise-mobility-management\/","name":"EMM - VOCALIZE","isPartOf":{"@id":"https:\/\/www.vocalize.eu\/#website"},"primaryImageOfPage":{"@id":"https:\/\/www.vocalize.eu\/services\/enterprise-mobility-management\/#primaryimage"},"image":{"@id":"https:\/\/www.vocalize.eu\/services\/enterprise-mobility-management\/#primaryimage"},"thumbnailUrl":"https:\/\/www.vocalize.eu\/wp-content\/uploads\/2023\/12\/Emm.jpg","datePublished":"2023-02-13T10:48:42+00:00","dateModified":"2023-05-25T13:07:31+00:00","breadcrumb":{"@id":"https:\/\/www.vocalize.eu\/services\/enterprise-mobility-management\/#breadcrumb"},"inLanguage":"it-IT","potentialAction":[{"@type":"ReadAction","target":["https:\/\/www.vocalize.eu\/services\/enterprise-mobility-management\/"]}]},{"@type":"ImageObject","inLanguage":"it-IT","@id":"https:\/\/www.vocalize.eu\/services\/enterprise-mobility-management\/#primaryimage","url":"https:\/\/www.vocalize.eu\/wp-content\/uploads\/2023\/12\/Emm.jpg","contentUrl":"https:\/\/www.vocalize.eu\/wp-content\/uploads\/2023\/12\/Emm.jpg","width":1200,"height":650,"caption":"emm"},{"@type":"BreadcrumbList","@id":"https:\/\/www.vocalize.eu\/services\/enterprise-mobility-management\/#breadcrumb","itemListElement":[{"@type":"ListItem","position":1,"name":"Home","item":"https:\/\/www.vocalize.eu\/it\/"},{"@type":"ListItem","position":2,"name":"Servizi","item":"https:\/\/www.vocalize.eu\/services\/"},{"@type":"ListItem","position":3,"name":"EMM"}]},{"@type":"WebSite","@id":"https:\/\/www.vocalize.eu\/#website","url":"https:\/\/www.vocalize.eu\/","name":"VOCALIZE","description":"Next Level Fulfillment","publisher":{"@id":"https:\/\/www.vocalize.eu\/#organization"},"potentialAction":[{"@type":"SearchAction","target":{"@type":"EntryPoint","urlTemplate":"https:\/\/www.vocalize.eu\/?s={search_term_string}"},"query-input":{"@type":"PropertyValueSpecification","valueRequired":true,"valueName":"search_term_string"}}],"inLanguage":"it-IT"},{"@type":"Organization","@id":"https:\/\/www.vocalize.eu\/#organization","name":"VOCALIZE","url":"https:\/\/www.vocalize.eu\/","logo":{"@type":"ImageObject","inLanguage":"it-IT","@id":"https:\/\/www.vocalize.eu\/#\/schema\/logo\/image\/","url":"https:\/\/www.lizevoice.com\/wp-content\/uploads\/2022\/11\/Logo_2022_LIZE-Voice_Sfumatura.png","contentUrl":"https:\/\/www.lizevoice.com\/wp-content\/uploads\/2022\/11\/Logo_2022_LIZE-Voice_Sfumatura.png","width":1600,"height":494,"caption":"VOCALIZE"},"image":{"@id":"https:\/\/www.vocalize.eu\/#\/schema\/logo\/image\/"}}]}},"_links":{"self":[{"href":"https:\/\/www.vocalize.eu\/it\/wp-json\/wp\/v2\/pages\/29279","targetHints":{"allow":["GET"]}}],"collection":[{"href":"https:\/\/www.vocalize.eu\/it\/wp-json\/wp\/v2\/pages"}],"about":[{"href":"https:\/\/www.vocalize.eu\/it\/wp-json\/wp\/v2\/types\/page"}],"author":[{"embeddable":true,"href":"https:\/\/www.vocalize.eu\/it\/wp-json\/wp\/v2\/users\/2"}],"replies":[{"embeddable":true,"href":"https:\/\/www.vocalize.eu\/it\/wp-json\/wp\/v2\/comments?post=29279"}],"version-history":[{"count":0,"href":"https:\/\/www.vocalize.eu\/it\/wp-json\/wp\/v2\/pages\/29279\/revisions"}],"up":[{"embeddable":true,"href":"https:\/\/www.vocalize.eu\/it\/wp-json\/wp\/v2\/pages\/29328"}],"wp:featuredmedia":[{"embeddable":true,"href":"https:\/\/www.vocalize.eu\/it\/wp-json\/wp\/v2\/media\/31696"}],"wp:attachment":[{"href":"https:\/\/www.vocalize.eu\/it\/wp-json\/wp\/v2\/media?parent=29279"}],"curies":[{"name":"wp","href":"https:\/\/api.w.org\/{rel}","templated":true}]}}