{"id":29384,"date":"2022-11-21T14:54:36","date_gmt":"2022-11-21T13:54:36","guid":{"rendered":"https:\/\/vocalize25.vocalize.eu\/privacy-policy\/"},"modified":"2023-04-28T09:26:09","modified_gmt":"2023-04-28T08:26:09","slug":"privacy-policy","status":"publish","type":"page","link":"https:\/\/www.vocalize.eu\/it\/privacy-policy\/","title":{"rendered":"Privacy Policy"},"content":{"rendered":"\t\t<div data-elementor-type=\"wp-page\" data-elementor-id=\"29384\" class=\"elementor elementor-29384\" data-elementor-post-type=\"page\">\n\t\t\t\t<div class=\"elementor-element elementor-element-677e16c e-flex e-con-boxed e-con e-parent\" data-id=\"677e16c\" data-element_type=\"container\">\n\t\t\t\t\t<div class=\"e-con-inner\">\n\t\t\t\t<div class=\"elementor-element elementor-element-9691baa elementor-widget elementor-widget-spacer\" data-id=\"9691baa\" data-element_type=\"widget\" data-widget_type=\"spacer.default\">\n\t\t\t\t<div class=\"elementor-widget-container\">\n\t\t\t\t\t\t\t<div class=\"elementor-spacer\">\n\t\t\t<div class=\"elementor-spacer-inner\"><\/div>\n\t\t<\/div>\n\t\t\t\t\t\t<\/div>\n\t\t\t\t<\/div>\n\t\t\t\t<div class=\"elementor-element elementor-element-7cae801 elementor-widget elementor-widget-heading\" data-id=\"7cae801\" data-element_type=\"widget\" data-widget_type=\"heading.default\">\n\t\t\t\t<div class=\"elementor-widget-container\">\n\t\t\t\t\t<h2 class=\"elementor-heading-title elementor-size-default\">Privacy Policy<\/h2>\t\t\t\t<\/div>\n\t\t\t\t<\/div>\n\t\t\t\t<div class=\"elementor-element elementor-element-e619482 elementor-widget elementor-widget-text-editor\" data-id=\"e619482\" data-element_type=\"widget\" data-widget_type=\"text-editor.default\">\n\t\t\t\t<div class=\"elementor-widget-container\">\n\t\t\t\t\t\t\t\t\t<p><strong>NOTA INFORMATIVA AI SENSI DELL&#8217;ARTICOLO 13, COMMA 1, DEL REGOLAMENTO EUROPEO (G.D.P.R.) 2016\/67<\/strong><\/p>\n<p>K.F.I. S.r.l., con sede legale in via delle Scienze 21, 20082 Binasco (MI), CF e P.Iva 10448500156, quale titolare del trattamento dei dati (in seguito \u201cTitolare\u201d), in qualit\u00e0 di titolare del trattamento, Ti informa ai sensi dell\u2019art. 13, \u00a7 1, Regolamento UE n. 2016\/679 (in seguito \u201cGDPR\u201d) che i Tuoi dati saranno trattati con le modalit\u00e0 e per le finalit\u00e0 seguenti:<\/p>\n<\/p>\n<p><strong>Oggetto del trattamento<\/strong><br \/>Il Titolare tratta i dati personali, identificativi e non sensibili (in particolare, nome, cognome, codice fiscale, p. iva, email, numero telefonico, le tue immagini \u2013 in seguito, \u201cdati personali\u201d o anche \u201cdati\u201d) da Te comunicati in fase di registrazione al sito web del Titolare e\/o all\u2019atto dell\u2019iscrizione al servizio di newsletter offerto dal Titolare e\/o alla sottoscrizione per accettazione delle offerte di consulenza.<\/p>\n<\/p>\n<p><strong>Finalit\u00e0 del trattamento<\/strong><br \/>I Tuoi dati personali sono trattati:<\/p>\n<\/p>\n<p><strong>2A) senza il Tuo consenso espresso (art. 6 lett. b, e GDPR), per le seguenti Finalit\u00e0 di Servizio:<\/strong><\/p>\n<p>\u2013 permettere di registrarTi al sito web;<\/p>\n<p>\u2013 gestire e mantenere il sito web;<\/p>\n<p>\u2013 permetterti l\u2019iscrizione al servizio di newsletter fornito dal Titolare e degli ulteriori Servizi eventualmente da Te richiesti;<\/p>\n<p>\u2013 adempiere agli obblighi precontrattuali, contrattuali e fiscali derivanti da rapporti con Te in essere;<\/p>\n<p>\u2013 adempiere agli obblighi previsti dalla legge, da un regolamento, dalla normativa comunitaria o da un ordine dell\u2019Autorit\u00e0;<\/p>\n<p>\u2013 prevenire o scoprire attivit\u00e0 fraudolente o abusi dannosi per il sito web;<\/p>\n<p>\u2013 esercitare i diritti del Titolare, ad esempio il diritto di difesa in giudizio.<\/p>\n<\/p>\n<p><strong>Diritti dell\u2019interessato (art. 15-21 GDPR)<\/strong><br \/>Oltre allo gi\u00e0 specificato diritto di accesso di cui all\u2019art. 15 GDPR per conoscere l\u2019esistenza del trattamento, le sue finalit\u00e0, le categorie di dati trattati, i destinatari ai quali i dati personali sono stati o saranno comunicati, in particolare se sono paesi terzi od organizzazioni internazionali, il periodo di conservazione o i criteri utilizzati per determinarlo, l\u2019interessato pu\u00f2 chiedere la rettifica o la cancellazione dei dati personali o la limitazione del trattamento e pu\u00f2 opporsi al trattamento; egli pu\u00f2 inoltre proporre un reclamo a un\u2019autorit\u00e0 di controllo, ottenere le informazioni sull\u2019origine dati, ove non forniti da lui, l\u2019esistenza di un processo decisionale automatizzato, compresa la profilazione di cui all\u2019art. 22, \u00a7 1 e 4 (e in tal caso delle informazioni significative sulla logica utilizzata), le garanzie, in caso di trasferimento in paesi terzi, di garanzie adeguate, di ottenere una copia dei dati in possesso del Titolare, di revoca del consenso e di portabilit\u00e0 dei dati.<\/p>\n<p>Si precisa che il Titolare non esegue attivit\u00e0 di profilazione, non trasferisce i dati in paesi terzi e non tratta dati di minori.<\/p>\n<\/p>\n<p><strong>B) Solo previo Tuo specifico e distinto consenso (art. 7 GDPR), per le seguenti Finalit\u00e0 di Marketing:<\/strong><\/p>\n<p>\u2013 inviarTi via email newsletter, comunicazioni commerciali e\/o materiale pubblicitario su prodotti o servizi offerti dal Titolare.<\/p>\n<p>Ti segnaliamo che, se sei gi\u00e0 nostro cliente, potremo inviarTi comunicazioni commerciali relative a servizi e prodotti del Titolare analoghi a quelli di cui hai gi\u00e0 usufruito, fino a revoca del consenso o a richiesta di cancellazione.<\/p>\n<\/p>\n<p><strong>C) Il Titolare tratter\u00e0 i dati personali per il tempo necessario per adempiere alle finalit\u00e0 di cui sopra e comunque per non oltre 10 anni dalla cessazione del rapporto per le Finalit\u00e0 di Servizio e per non oltre 2 anni dalla raccolta dei dati per le Finalit\u00e0 di Marketing, fatto salvo l\u2019esercizio del diritto di cancellazione o di revoca del consenso.<\/strong><\/p>\n<\/p>\n<p><strong>Accesso ai Tuoi dati da parte di soggetti diversi dal Titolare<\/strong><br \/>I Tuoi dati potranno essere resi accessibili per le finalit\u00e0 di cui all\u2019art. 2.A) e 2.B):<br \/>\u2013 a dipendenti e collaboratori del Titolare, nella loro qualit\u00e0 di incaricati e\/o responsabili interni del trattamento e\/o amministratori di sistema;<br \/>\u2013 a terzi soggetti (ad esempio, provider per la gestione e manutenzione del sito web, fornitori, istituti di credito, studi professionali, etc) che svolgono attivit\u00e0 in outsourcing per conto del Titolare, nella loro qualit\u00e0 di responsabili esterni del trattamento.<\/p>\n<\/p>\n<p><strong>Comunicazione dei dati<\/strong><br \/>Without your express consent, (ex art. 24 let. a), b), d) of the Privacy Code and art. 6 let. b) and c) of the GDPR), the Data Controller may notify your data for the purposes laid down in art. 2.A) to Supervisory Bodies, Judicial Authorities as well as to all other subjects to whom the communication is legally mandatory in order to fulfil the purposes described. Your data will not be disseminated.<\/p>\n<\/p>\n<p><strong>Trasferimento dati<\/strong><br \/>Personal data will be managed and stored on servers located within the European Union where the Data Controller and\/or third party companies appointed and duly nominated as data processors are located. These servers are currently located in ITALY. Data will not be transmitted outside the European Union. In any case, it is understood that where necessary, the Data Controller will have the right to move the servers\u2019 location in Italy and\/or the European Union and\/or countries outside the EU. In such a case, the Data Controller guarantees as of now that the transfer of data outside the EU will occur in accordance with the applicable legislation, by concluding agreements where necessary which guarantee an adequate level of protection and\/or by adopting the standard contractual clauses laid down by the European Commission.<\/p>\n<\/p>\n<p><strong>Modalit\u00e0 di esercizio dei diritti<\/strong><br \/>Potrai in qualsiasi momento esercitare i diritti inviando:<br \/>\u2013 una raccomandata a.r. a K.F.I. S.r.l. Via delle Scienze n 21 20082 Binasco (MI)<br \/>\u2013 una e-mail all\u2019indirizzo privacy.gdpr@kfi.it<\/p>\n<\/p>\n<p><strong>Minori<\/strong><br \/>The Website and the Services offered by the Data Controller are not aimed at persons under 18 years of age and the Data Controller does not intentionally collect personal information concerning underage persons. Should data concerning underage persons be collected unintentionally, the Data Controller will erase these immediately, on the user\u2019s request.<\/p>\n<\/p>\n<p><strong>Titolare responsabile, incaricati e responsabile della protezione dei dati<\/strong><br \/>Il Titolare del trattamento \u00e8 K.F.I. S.r.l.<br \/>L\u2019elenco aggiornato dei responsabili e degli incaricati al trattamento \u00e8 custodito presso la sede del Titolare del trattamento.<br \/>Il titolare dichiara di non trattare dati per i quali sia prevista come obbligatoria la designazione di un responsabile della protezione dei dati (DPO).<\/p>\n<\/p>\n<p><strong>Modifiche alla presente Informativa<\/strong><br \/>La presente Informativa pu\u00f2 subire variazioni. Si consiglia, quindi, di controllare regolarmente questa Informativa e di riferirsi alla versione pi\u00f9 aggiornata presente sul sito: www.kfi.it\/privacy-policy<\/p>\n<\/p>\n<p><strong>Dichiarazione di cui all\u2019art 32<\/strong><\/p>\n<p>Il titolare dichiara altres\u00ec di aver adottato misure tecniche e organizzative idonee a garantire la sicurezza dei trattamenti eseguiti.<\/p>\n\t\t\t\t\t\t\t\t<\/div>\n\t\t\t\t<\/div>\n\t\t\t\t<div class=\"elementor-element elementor-element-1698379 elementor-widget elementor-widget-spacer\" data-id=\"1698379\" data-element_type=\"widget\" data-widget_type=\"spacer.default\">\n\t\t\t\t<div class=\"elementor-widget-container\">\n\t\t\t\t\t\t\t<div class=\"elementor-spacer\">\n\t\t\t<div class=\"elementor-spacer-inner\"><\/div>\n\t\t<\/div>\n\t\t\t\t\t\t<\/div>\n\t\t\t\t<\/div>\n\t\t\t\t\t<\/div>\n\t\t\t\t<\/div>\n\t\t\t\t<\/div>\n\t\t","protected":false},"excerpt":{"rendered":"<p>Privacy Policy NOTA INFORMATIVA AI SENSI DELL&#8217;ARTICOLO 13, COMMA 1, DEL REGOLAMENTO EUROPEO (G.D.P.R.) 2016\/67 K.F.I. S.r.l., con sede legale in via delle Scienze 21, 20082 Binasco (MI), CF e P.Iva 10448500156, quale titolare del trattamento dei dati (in seguito \u201cTitolare\u201d), in qualit\u00e0 di titolare del trattamento, Ti informa ai sensi dell\u2019art. 13, \u00a7 1,&hellip;<\/p>\n","protected":false},"author":2,"featured_media":0,"parent":0,"menu_order":0,"comment_status":"closed","ping_status":"closed","template":"elementor_header_footer","meta":{"_acf_changed":false,"_monsterinsights_skip_tracking":false,"_monsterinsights_sitenote_active":false,"_monsterinsights_sitenote_note":"","_monsterinsights_sitenote_category":0,"footnotes":""},"class_list":["post-29384","page","type-page","status-publish","hentry"],"acf":[],"yoast_head":"<!-- This site is optimized with the Yoast SEO plugin v25.8 - https:\/\/yoast.com\/wordpress\/plugins\/seo\/ -->\n<title>Privacy Policy - VOCALIZE<\/title>\n<meta name=\"robots\" content=\"index, follow, max-snippet:-1, max-image-preview:large, max-video-preview:-1\" \/>\n<link rel=\"canonical\" href=\"https:\/\/www.vocalize.eu\/privacy-policy\/\" \/>\n<meta property=\"og:locale\" content=\"it_IT\" \/>\n<meta property=\"og:type\" content=\"article\" \/>\n<meta property=\"og:title\" content=\"Privacy Policy - VOCALIZE\" \/>\n<meta property=\"og:description\" content=\"Privacy Policy NOTA INFORMATIVA AI SENSI DELL&#8217;ARTICOLO 13, COMMA 1, DEL REGOLAMENTO EUROPEO (G.D.P.R.) 2016\/67 K.F.I. S.r.l., con sede legale in via delle Scienze 21, 20082 Binasco (MI), CF e P.Iva 10448500156, quale titolare del trattamento dei dati (in seguito \u201cTitolare\u201d), in qualit\u00e0 di titolare del trattamento, Ti informa ai sensi dell\u2019art. 13, \u00a7 1,&hellip;\" \/>\n<meta property=\"og:url\" content=\"https:\/\/www.vocalize.eu\/privacy-policy\/\" \/>\n<meta property=\"og:site_name\" content=\"VOCALIZE\" \/>\n<meta property=\"article:modified_time\" content=\"2023-04-28T08:26:09+00:00\" \/>\n<meta name=\"twitter:card\" content=\"summary_large_image\" \/>\n<meta name=\"twitter:label1\" content=\"Tempo di lettura stimato\" \/>\n\t<meta name=\"twitter:data1\" content=\"5 minuti\" \/>\n<script type=\"application\/ld+json\" class=\"yoast-schema-graph\">{\"@context\":\"https:\/\/schema.org\",\"@graph\":[{\"@type\":\"WebPage\",\"@id\":\"https:\/\/www.vocalize.eu\/privacy-policy\/\",\"url\":\"https:\/\/www.vocalize.eu\/privacy-policy\/\",\"name\":\"Privacy Policy - VOCALIZE\",\"isPartOf\":{\"@id\":\"https:\/\/www.vocalize.eu\/#website\"},\"datePublished\":\"2022-11-21T13:54:36+00:00\",\"dateModified\":\"2023-04-28T08:26:09+00:00\",\"breadcrumb\":{\"@id\":\"https:\/\/www.vocalize.eu\/privacy-policy\/#breadcrumb\"},\"inLanguage\":\"it-IT\",\"potentialAction\":[{\"@type\":\"ReadAction\",\"target\":[\"https:\/\/www.vocalize.eu\/privacy-policy\/\"]}]},{\"@type\":\"BreadcrumbList\",\"@id\":\"https:\/\/www.vocalize.eu\/privacy-policy\/#breadcrumb\",\"itemListElement\":[{\"@type\":\"ListItem\",\"position\":1,\"name\":\"Home\",\"item\":\"https:\/\/www.vocalize.eu\/it\/\"},{\"@type\":\"ListItem\",\"position\":2,\"name\":\"Privacy Policy\"}]},{\"@type\":\"WebSite\",\"@id\":\"https:\/\/www.vocalize.eu\/#website\",\"url\":\"https:\/\/www.vocalize.eu\/\",\"name\":\"VOCALIZE\",\"description\":\"Next Level Fulfillment\",\"publisher\":{\"@id\":\"https:\/\/www.vocalize.eu\/#organization\"},\"potentialAction\":[{\"@type\":\"SearchAction\",\"target\":{\"@type\":\"EntryPoint\",\"urlTemplate\":\"https:\/\/www.vocalize.eu\/?s={search_term_string}\"},\"query-input\":{\"@type\":\"PropertyValueSpecification\",\"valueRequired\":true,\"valueName\":\"search_term_string\"}}],\"inLanguage\":\"it-IT\"},{\"@type\":\"Organization\",\"@id\":\"https:\/\/www.vocalize.eu\/#organization\",\"name\":\"VOCALIZE\",\"url\":\"https:\/\/www.vocalize.eu\/\",\"logo\":{\"@type\":\"ImageObject\",\"inLanguage\":\"it-IT\",\"@id\":\"https:\/\/www.vocalize.eu\/#\/schema\/logo\/image\/\",\"url\":\"https:\/\/www.lizevoice.com\/wp-content\/uploads\/2022\/11\/Logo_2022_LIZE-Voice_Sfumatura.png\",\"contentUrl\":\"https:\/\/www.lizevoice.com\/wp-content\/uploads\/2022\/11\/Logo_2022_LIZE-Voice_Sfumatura.png\",\"width\":1600,\"height\":494,\"caption\":\"VOCALIZE\"},\"image\":{\"@id\":\"https:\/\/www.vocalize.eu\/#\/schema\/logo\/image\/\"}}]}<\/script>\n<!-- \/ Yoast SEO plugin. -->","yoast_head_json":{"title":"Privacy Policy - VOCALIZE","robots":{"index":"index","follow":"follow","max-snippet":"max-snippet:-1","max-image-preview":"max-image-preview:large","max-video-preview":"max-video-preview:-1"},"canonical":"https:\/\/www.vocalize.eu\/privacy-policy\/","og_locale":"it_IT","og_type":"article","og_title":"Privacy Policy - VOCALIZE","og_description":"Privacy Policy NOTA INFORMATIVA AI SENSI DELL&#8217;ARTICOLO 13, COMMA 1, DEL REGOLAMENTO EUROPEO (G.D.P.R.) 2016\/67 K.F.I. S.r.l., con sede legale in via delle Scienze 21, 20082 Binasco (MI), CF e P.Iva 10448500156, quale titolare del trattamento dei dati (in seguito \u201cTitolare\u201d), in qualit\u00e0 di titolare del trattamento, Ti informa ai sensi dell\u2019art. 13, \u00a7 1,&hellip;","og_url":"https:\/\/www.vocalize.eu\/privacy-policy\/","og_site_name":"VOCALIZE","article_modified_time":"2023-04-28T08:26:09+00:00","twitter_card":"summary_large_image","twitter_misc":{"Tempo di lettura stimato":"5 minuti"},"schema":{"@context":"https:\/\/schema.org","@graph":[{"@type":"WebPage","@id":"https:\/\/www.vocalize.eu\/privacy-policy\/","url":"https:\/\/www.vocalize.eu\/privacy-policy\/","name":"Privacy Policy - VOCALIZE","isPartOf":{"@id":"https:\/\/www.vocalize.eu\/#website"},"datePublished":"2022-11-21T13:54:36+00:00","dateModified":"2023-04-28T08:26:09+00:00","breadcrumb":{"@id":"https:\/\/www.vocalize.eu\/privacy-policy\/#breadcrumb"},"inLanguage":"it-IT","potentialAction":[{"@type":"ReadAction","target":["https:\/\/www.vocalize.eu\/privacy-policy\/"]}]},{"@type":"BreadcrumbList","@id":"https:\/\/www.vocalize.eu\/privacy-policy\/#breadcrumb","itemListElement":[{"@type":"ListItem","position":1,"name":"Home","item":"https:\/\/www.vocalize.eu\/it\/"},{"@type":"ListItem","position":2,"name":"Privacy Policy"}]},{"@type":"WebSite","@id":"https:\/\/www.vocalize.eu\/#website","url":"https:\/\/www.vocalize.eu\/","name":"VOCALIZE","description":"Next Level Fulfillment","publisher":{"@id":"https:\/\/www.vocalize.eu\/#organization"},"potentialAction":[{"@type":"SearchAction","target":{"@type":"EntryPoint","urlTemplate":"https:\/\/www.vocalize.eu\/?s={search_term_string}"},"query-input":{"@type":"PropertyValueSpecification","valueRequired":true,"valueName":"search_term_string"}}],"inLanguage":"it-IT"},{"@type":"Organization","@id":"https:\/\/www.vocalize.eu\/#organization","name":"VOCALIZE","url":"https:\/\/www.vocalize.eu\/","logo":{"@type":"ImageObject","inLanguage":"it-IT","@id":"https:\/\/www.vocalize.eu\/#\/schema\/logo\/image\/","url":"https:\/\/www.lizevoice.com\/wp-content\/uploads\/2022\/11\/Logo_2022_LIZE-Voice_Sfumatura.png","contentUrl":"https:\/\/www.lizevoice.com\/wp-content\/uploads\/2022\/11\/Logo_2022_LIZE-Voice_Sfumatura.png","width":1600,"height":494,"caption":"VOCALIZE"},"image":{"@id":"https:\/\/www.vocalize.eu\/#\/schema\/logo\/image\/"}}]}},"_links":{"self":[{"href":"https:\/\/www.vocalize.eu\/it\/wp-json\/wp\/v2\/pages\/29384","targetHints":{"allow":["GET"]}}],"collection":[{"href":"https:\/\/www.vocalize.eu\/it\/wp-json\/wp\/v2\/pages"}],"about":[{"href":"https:\/\/www.vocalize.eu\/it\/wp-json\/wp\/v2\/types\/page"}],"author":[{"embeddable":true,"href":"https:\/\/www.vocalize.eu\/it\/wp-json\/wp\/v2\/users\/2"}],"replies":[{"embeddable":true,"href":"https:\/\/www.vocalize.eu\/it\/wp-json\/wp\/v2\/comments?post=29384"}],"version-history":[{"count":0,"href":"https:\/\/www.vocalize.eu\/it\/wp-json\/wp\/v2\/pages\/29384\/revisions"}],"wp:attachment":[{"href":"https:\/\/www.vocalize.eu\/it\/wp-json\/wp\/v2\/media?parent=29384"}],"curies":[{"name":"wp","href":"https:\/\/api.w.org\/{rel}","templated":true}]}}