{"id":29410,"date":"2022-11-25T12:36:05","date_gmt":"2022-11-25T11:36:05","guid":{"rendered":"https:\/\/vocalize25.vocalize.eu\/next-level-fulfillment\/"},"modified":"2023-05-29T16:58:31","modified_gmt":"2023-05-29T15:58:31","slug":"next-level-fulfillment","status":"publish","type":"page","link":"https:\/\/www.vocalize.eu\/it\/next-level-fulfillment\/","title":{"rendered":"Next Level Fulfillment"},"content":{"rendered":"\t\t<div data-elementor-type=\"wp-page\" data-elementor-id=\"29410\" class=\"elementor elementor-29410\" data-elementor-post-type=\"page\">\n\t\t\t\t<div class=\"elementor-element elementor-element-9ef676d e-flex e-con-boxed e-con e-parent\" data-id=\"9ef676d\" data-element_type=\"container\" data-settings=\"{&quot;background_background&quot;:&quot;classic&quot;}\">\n\t\t\t\t\t<div class=\"e-con-inner\">\n\t\t<div class=\"elementor-element elementor-element-237850e e-con-full e-flex e-con e-child\" data-id=\"237850e\" data-element_type=\"container\">\n\t\t<div class=\"elementor-element elementor-element-f338d09 e-con-full e-flex e-con e-child\" data-id=\"f338d09\" data-element_type=\"container\">\n\t\t<div class=\"elementor-element elementor-element-1da1c39 e-con-full e-flex e-con e-child\" data-id=\"1da1c39\" data-element_type=\"container\">\n\t\t\t\t<div class=\"elementor-element elementor-element-9222ccf elementor-widget-tablet__width-initial elementor-widget elementor-widget-heading\" data-id=\"9222ccf\" data-element_type=\"widget\" data-widget_type=\"heading.default\">\n\t\t\t\t<div class=\"elementor-widget-container\">\n\t\t\t\t\t<h2 class=\"elementor-heading-title elementor-size-default\">Next-Level Fulfillment<\/h2>\t\t\t\t<\/div>\n\t\t\t\t<\/div>\n\t\t\t\t<div class=\"elementor-element elementor-element-510f73b elementor-widget__width-initial elementor-widget elementor-widget-text-editor\" data-id=\"510f73b\" data-element_type=\"widget\" data-widget_type=\"text-editor.default\">\n\t\t\t\t<div class=\"elementor-widget-container\">\n\t\t\t\t\t\t\t\t\t<p>Il coordinamento delle attivit\u00e0 umane con il supporto dei robot rappresenta un elemento chiave per acquisire nuovi vantaggi competitivi.<\/p>\n<p>VOCALIZE pu\u00f2 rivoluzionare le interazioni tra esseri umani e macchine, abilitando la sincronizzazione delle attivit\u00e0 basate sulla voce con gli AMR (Autonomous Mobile Robot) o l\u2019interfacciamento con Put Walls e altre tecnologie come etichette elettroniche, RFID e altro.<\/p>\n\t\t\t\t\t\t\t\t<\/div>\n\t\t\t\t<\/div>\n\t\t\t\t<\/div>\n\t\t<div class=\"elementor-element elementor-element-84af528 elementor-hidden-tablet elementor-hidden-mobile e-con-full e-flex e-con e-child\" data-id=\"84af528\" data-element_type=\"container\">\n\t\t\t\t<\/div>\n\t\t\t\t<\/div>\n\t\t\t\t<\/div>\n\t\t\t\t\t<\/div>\n\t\t\t\t<\/div>\n\t\t<div class=\"elementor-element elementor-element-0e071c3 e-flex e-con-boxed e-con e-parent\" data-id=\"0e071c3\" data-element_type=\"container\" data-settings=\"{&quot;background_background&quot;:&quot;classic&quot;}\">\n\t\t\t\t\t<div class=\"e-con-inner\">\n\t\t<div class=\"elementor-element elementor-element-aa29d8f e-con-full e-flex e-con e-child\" data-id=\"aa29d8f\" data-element_type=\"container\">\n\t\t\t\t<\/div>\n\t\t<div class=\"elementor-element elementor-element-436b7a8 e-con-full e-flex e-con e-child\" data-id=\"436b7a8\" data-element_type=\"container\" data-settings=\"{&quot;background_background&quot;:&quot;classic&quot;}\">\n\t\t\t\t<div class=\"elementor-element elementor-element-a3b13a9 elementor-widget elementor-widget-heading\" data-id=\"a3b13a9\" data-element_type=\"widget\" data-widget_type=\"heading.default\">\n\t\t\t\t<div class=\"elementor-widget-container\">\n\t\t\t\t\t<h2 class=\"elementor-heading-title elementor-size-default\">Flussi e logiche di processo semplici<\/h2>\t\t\t\t<\/div>\n\t\t\t\t<\/div>\n\t\t\t\t<div class=\"elementor-element elementor-element-ba3b70b elementor-widget elementor-widget-text-editor\" data-id=\"ba3b70b\" data-element_type=\"widget\" data-widget_type=\"text-editor.default\">\n\t\t\t\t<div class=\"elementor-widget-container\">\n\t\t\t\t\t\t\t\t\t<p>Le integrazioni di VOCALIZE possono semplificare i flussi di lavoro e ridefinire le strategie commerciali, creando sinergie che hanno il potenziale per migliorare la qualit\u00e0, la produttivit\u00e0 e la sicurezza, ma anche per ridurre significativamente i costi associati alla gestione degli ordini.<\/p>\n\t\t\t\t\t\t\t\t<\/div>\n\t\t\t\t<\/div>\n\t\t\t\t<\/div>\n\t\t\t\t\t<\/div>\n\t\t\t\t<\/div>\n\t\t<div class=\"elementor-element elementor-element-b07dd61 e-flex e-con-boxed e-con e-parent\" data-id=\"b07dd61\" data-element_type=\"container\">\n\t\t\t\t\t<div class=\"e-con-inner\">\n\t\t\t\t<div class=\"elementor-element elementor-element-ca90438 elementor-widget elementor-widget-heading\" data-id=\"ca90438\" data-element_type=\"widget\" data-widget_type=\"heading.default\">\n\t\t\t\t<div class=\"elementor-widget-container\">\n\t\t\t\t\t<h2 class=\"elementor-heading-title elementor-size-default\">Robot Autonomi<\/h2>\t\t\t\t<\/div>\n\t\t\t\t<\/div>\n\t\t\t\t<div class=\"elementor-element elementor-element-2e19e38 elementor-widget__width-initial elementor-widget elementor-widget-text-editor\" data-id=\"2e19e38\" data-element_type=\"widget\" data-widget_type=\"text-editor.default\">\n\t\t\t\t<div class=\"elementor-widget-container\">\n\t\t\t\t\t\t\t\t\t<p>La robotica collaborativa traccer\u00e0 la strada verso una nuova era:&nbsp;se combinata con la voce moderna,far\u00e0 la differenza in termini di produttivit\u00e0, risorse e costi.<\/p>\n\t\t\t\t\t\t\t\t<\/div>\n\t\t\t\t<\/div>\n\t\t<div class=\"elementor-element elementor-element-98b4c86 e-con-full e-flex e-con e-child\" data-id=\"98b4c86\" data-element_type=\"container\" data-settings=\"{&quot;background_background&quot;:&quot;classic&quot;}\">\n\t\t\t\t<\/div>\n\t\t\t\t\t<\/div>\n\t\t\t\t<\/div>\n\t\t<div class=\"elementor-element elementor-element-b3e85b2 e-con-full e-flex e-con e-parent\" data-id=\"b3e85b2\" data-element_type=\"container\" data-settings=\"{&quot;background_background&quot;:&quot;classic&quot;}\">\n\t\t<div class=\"elementor-element elementor-element-c3fd64e e-con-full e-flex e-con e-child\" data-id=\"c3fd64e\" data-element_type=\"container\" data-settings=\"{&quot;background_background&quot;:&quot;classic&quot;,&quot;motion_fx_motion_fx_scrolling&quot;:&quot;yes&quot;,&quot;motion_fx_translateY_effect&quot;:&quot;yes&quot;,&quot;motion_fx_translateY_speed&quot;:{&quot;unit&quot;:&quot;px&quot;,&quot;size&quot;:1,&quot;sizes&quot;:[]},&quot;motion_fx_translateY_affectedRange&quot;:{&quot;unit&quot;:&quot;%&quot;,&quot;size&quot;:&quot;&quot;,&quot;sizes&quot;:{&quot;start&quot;:0,&quot;end&quot;:100}},&quot;motion_fx_devices&quot;:[&quot;desktop&quot;,&quot;tablet&quot;,&quot;mobile&quot;]}\">\n\t\t<div class=\"elementor-element elementor-element-f6ee850 e-con-full e-flex e-con e-child\" data-id=\"f6ee850\" data-element_type=\"container\">\n\t\t\t\t<div class=\"elementor-element elementor-element-7db6e89 elementor-widget elementor-widget-heading\" data-id=\"7db6e89\" data-element_type=\"widget\" data-widget_type=\"heading.default\">\n\t\t\t\t<div class=\"elementor-widget-container\">\n\t\t\t\t\t<h2 class=\"elementor-heading-title elementor-size-default\">Next-Level Interactions<\/h2>\t\t\t\t<\/div>\n\t\t\t\t<\/div>\n\t\t\t\t<div class=\"elementor-element elementor-element-743d2ff elementor-widget elementor-widget-text-editor\" data-id=\"743d2ff\" data-element_type=\"widget\" data-widget_type=\"text-editor.default\">\n\t\t\t\t<div class=\"elementor-widget-container\">\n\t\t\t\t\t\t\t\t\t<p>Scoprite come i sistemi basati su rete neurale consentono a VOCALIZE di ottimizzare il riconoscimento vocale, indipendentemente dalle condizioni ambientali e dei lavoratori.<\/p>\n\t\t\t\t\t\t\t\t<\/div>\n\t\t\t\t<\/div>\n\t\t\t\t<div class=\"elementor-element elementor-element-c084802 elementor-align-center elementor-widget elementor-widget-the7_button_widget\" data-id=\"c084802\" data-element_type=\"widget\" data-widget_type=\"the7_button_widget.default\">\n\t\t\t\t<div class=\"elementor-widget-container\">\n\t\t\t\t\t<div class=\"elementor-button-wrapper\"><a href=\"https:\/\/www.vocalize.eu\/next-level-interactions\/\" class=\"box-button elementor-button elementor-size-md\">Next-level Interactions<i aria-hidden=\"true\" class=\"elementor-button-icon  icomoon-the7-font-the7-arrow-24\"><\/i><\/a><\/div>\t\t\t\t<\/div>\n\t\t\t\t<\/div>\n\t\t\t\t<\/div>\n\t\t\t\t<\/div>\n\t\t<div class=\"elementor-element elementor-element-c482b8f e-con-full e-flex e-con e-child\" data-id=\"c482b8f\" data-element_type=\"container\" data-settings=\"{&quot;background_background&quot;:&quot;classic&quot;,&quot;motion_fx_motion_fx_scrolling&quot;:&quot;yes&quot;,&quot;motion_fx_translateY_effect&quot;:&quot;yes&quot;,&quot;motion_fx_translateY_speed&quot;:{&quot;unit&quot;:&quot;px&quot;,&quot;size&quot;:1,&quot;sizes&quot;:[]},&quot;motion_fx_translateY_affectedRange&quot;:{&quot;unit&quot;:&quot;%&quot;,&quot;size&quot;:&quot;&quot;,&quot;sizes&quot;:{&quot;start&quot;:0,&quot;end&quot;:100}},&quot;motion_fx_devices&quot;:[&quot;desktop&quot;,&quot;tablet&quot;,&quot;mobile&quot;]}\">\n\t\t<div class=\"elementor-element elementor-element-538216b e-con-full e-flex e-con e-child\" data-id=\"538216b\" data-element_type=\"container\">\n\t\t\t\t<div class=\"elementor-element elementor-element-e7d070e elementor-widget elementor-widget-heading\" data-id=\"e7d070e\" data-element_type=\"widget\" data-widget_type=\"heading.default\">\n\t\t\t\t<div class=\"elementor-widget-container\">\n\t\t\t\t\t<h2 class=\"elementor-heading-title elementor-size-default\">Next-Level Fulfillment<\/h2>\t\t\t\t<\/div>\n\t\t\t\t<\/div>\n\t\t\t\t<div class=\"elementor-element elementor-element-3788030 elementor-widget elementor-widget-text-editor\" data-id=\"3788030\" data-element_type=\"widget\" data-widget_type=\"text-editor.default\">\n\t\t\t\t<div class=\"elementor-widget-container\">\n\t\t\t\t\t\t\t\t\t<p>VOCALIZE potrebbe trasformare le interazioni tra esseri umani e macchine, consentendo di sincronizzare le attivit\u00e0 vocali con gli AMR, scoprite come.<\/p>\n\t\t\t\t\t\t\t\t<\/div>\n\t\t\t\t<\/div>\n\t\t\t\t<div class=\"elementor-element elementor-element-a7930d0 elementor-align-center elementor-widget elementor-widget-the7_button_widget\" data-id=\"a7930d0\" data-element_type=\"widget\" data-widget_type=\"the7_button_widget.default\">\n\t\t\t\t<div class=\"elementor-widget-container\">\n\t\t\t\t\t<div class=\"elementor-button-wrapper\"><button class=\"box-button elementor-button elementor-size-md\">Next-Level Fulfillment<i aria-hidden=\"true\" class=\"elementor-button-icon fas fa-genderless\"><\/i><\/button><\/div>\t\t\t\t<\/div>\n\t\t\t\t<\/div>\n\t\t\t\t<\/div>\n\t\t\t\t<\/div>\n\t\t\t\t<\/div>\n\t\t<div class=\"elementor-element elementor-element-f76ffe7 e-flex e-con-boxed e-con e-parent\" data-id=\"f76ffe7\" data-element_type=\"container\">\n\t\t\t\t\t<div class=\"e-con-inner\">\n\t\t\t\t<div class=\"elementor-element elementor-element-2dcf4b4 elementor-widget elementor-widget-spacer\" data-id=\"2dcf4b4\" data-element_type=\"widget\" data-widget_type=\"spacer.default\">\n\t\t\t\t<div class=\"elementor-widget-container\">\n\t\t\t\t\t\t\t<div class=\"elementor-spacer\">\n\t\t\t<div class=\"elementor-spacer-inner\"><\/div>\n\t\t<\/div>\n\t\t\t\t\t\t<\/div>\n\t\t\t\t<\/div>\n\t\t\t\t\t<\/div>\n\t\t\t\t<\/div>\n\t\t\t\t<\/div>\n\t\t","protected":false},"excerpt":{"rendered":"<p>Next-Level Fulfillment Il coordinamento delle attivit\u00e0 umane con il supporto dei robot rappresenta un elemento chiave per acquisire nuovi vantaggi competitivi. VOCALIZE pu\u00f2 rivoluzionare le interazioni tra esseri umani e macchine, abilitando la sincronizzazione delle attivit\u00e0 basate sulla voce con gli AMR (Autonomous Mobile Robot) o l\u2019interfacciamento con Put Walls e altre tecnologie come etichette&hellip;<\/p>\n","protected":false},"author":2,"featured_media":31386,"parent":0,"menu_order":0,"comment_status":"closed","ping_status":"closed","template":"elementor_header_footer","meta":{"_acf_changed":false,"_monsterinsights_skip_tracking":false,"_monsterinsights_sitenote_active":false,"_monsterinsights_sitenote_note":"","_monsterinsights_sitenote_category":0,"footnotes":""},"class_list":["post-29410","page","type-page","status-publish","has-post-thumbnail","hentry"],"acf":[],"yoast_head":"<!-- This site is optimized with the Yoast SEO plugin v25.8 - https:\/\/yoast.com\/wordpress\/plugins\/seo\/ -->\n<title>Next Level Fulfillment - VOCALIZE<\/title>\n<meta name=\"description\" content=\"VOCALIZE pu\u00f2 rivoluzionare le interazioni tra esseri umani e macchine, sincronizzando le attivit\u00e0 basate sulla voce con i robot AMR.\" \/>\n<meta name=\"robots\" content=\"index, follow, max-snippet:-1, max-image-preview:large, max-video-preview:-1\" \/>\n<link rel=\"canonical\" href=\"https:\/\/www.vocalize.eu\/next-level-fulfillment\/\" \/>\n<meta property=\"og:locale\" content=\"it_IT\" \/>\n<meta property=\"og:type\" content=\"article\" \/>\n<meta property=\"og:title\" content=\"Next Level Fulfillment - VOCALIZE\" \/>\n<meta property=\"og:description\" content=\"VOCALIZE pu\u00f2 rivoluzionare le interazioni tra esseri umani e macchine, sincronizzando le attivit\u00e0 basate sulla voce con i robot AMR.\" \/>\n<meta property=\"og:url\" content=\"https:\/\/www.vocalize.eu\/next-level-fulfillment\/\" \/>\n<meta property=\"og:site_name\" content=\"VOCALIZE\" \/>\n<meta property=\"article:modified_time\" content=\"2023-05-29T15:58:31+00:00\" \/>\n<meta property=\"og:image\" content=\"https:\/\/www.vocalize.eu\/wp-content\/uploads\/2023\/05\/Next-Level-Fulfillment-VOCALIZE.jpg\" \/>\n\t<meta property=\"og:image:width\" content=\"1200\" \/>\n\t<meta property=\"og:image:height\" content=\"650\" \/>\n\t<meta property=\"og:image:type\" content=\"image\/jpeg\" \/>\n<meta name=\"twitter:card\" content=\"summary_large_image\" \/>\n<meta name=\"twitter:label1\" content=\"Tempo di lettura stimato\" \/>\n\t<meta name=\"twitter:data1\" content=\"1 minuto\" \/>\n<script type=\"application\/ld+json\" class=\"yoast-schema-graph\">{\"@context\":\"https:\/\/schema.org\",\"@graph\":[{\"@type\":\"WebPage\",\"@id\":\"https:\/\/www.vocalize.eu\/next-level-fulfillment\/\",\"url\":\"https:\/\/www.vocalize.eu\/next-level-fulfillment\/\",\"name\":\"Next Level Fulfillment - VOCALIZE\",\"isPartOf\":{\"@id\":\"https:\/\/www.vocalize.eu\/#website\"},\"primaryImageOfPage\":{\"@id\":\"https:\/\/www.vocalize.eu\/next-level-fulfillment\/#primaryimage\"},\"image\":{\"@id\":\"https:\/\/www.vocalize.eu\/next-level-fulfillment\/#primaryimage\"},\"thumbnailUrl\":\"https:\/\/www.vocalize.eu\/wp-content\/uploads\/2023\/05\/Next-Level-Fulfillment-VOCALIZE.jpg\",\"datePublished\":\"2022-11-25T11:36:05+00:00\",\"dateModified\":\"2023-05-29T15:58:31+00:00\",\"description\":\"VOCALIZE pu\u00f2 rivoluzionare le interazioni tra esseri umani e macchine, sincronizzando le attivit\u00e0 basate sulla voce con i robot AMR.\",\"breadcrumb\":{\"@id\":\"https:\/\/www.vocalize.eu\/next-level-fulfillment\/#breadcrumb\"},\"inLanguage\":\"it-IT\",\"potentialAction\":[{\"@type\":\"ReadAction\",\"target\":[\"https:\/\/www.vocalize.eu\/next-level-fulfillment\/\"]}]},{\"@type\":\"ImageObject\",\"inLanguage\":\"it-IT\",\"@id\":\"https:\/\/www.vocalize.eu\/next-level-fulfillment\/#primaryimage\",\"url\":\"https:\/\/www.vocalize.eu\/wp-content\/uploads\/2023\/05\/Next-Level-Fulfillment-VOCALIZE.jpg\",\"contentUrl\":\"https:\/\/www.vocalize.eu\/wp-content\/uploads\/2023\/05\/Next-Level-Fulfillment-VOCALIZE.jpg\",\"width\":1200,\"height\":650,\"caption\":\"Next Level Fulfillment\"},{\"@type\":\"BreadcrumbList\",\"@id\":\"https:\/\/www.vocalize.eu\/next-level-fulfillment\/#breadcrumb\",\"itemListElement\":[{\"@type\":\"ListItem\",\"position\":1,\"name\":\"Home\",\"item\":\"https:\/\/www.vocalize.eu\/it\/\"},{\"@type\":\"ListItem\",\"position\":2,\"name\":\"Next Level Fulfillment\"}]},{\"@type\":\"WebSite\",\"@id\":\"https:\/\/www.vocalize.eu\/#website\",\"url\":\"https:\/\/www.vocalize.eu\/\",\"name\":\"VOCALIZE\",\"description\":\"Next Level Fulfillment\",\"publisher\":{\"@id\":\"https:\/\/www.vocalize.eu\/#organization\"},\"potentialAction\":[{\"@type\":\"SearchAction\",\"target\":{\"@type\":\"EntryPoint\",\"urlTemplate\":\"https:\/\/www.vocalize.eu\/?s={search_term_string}\"},\"query-input\":{\"@type\":\"PropertyValueSpecification\",\"valueRequired\":true,\"valueName\":\"search_term_string\"}}],\"inLanguage\":\"it-IT\"},{\"@type\":\"Organization\",\"@id\":\"https:\/\/www.vocalize.eu\/#organization\",\"name\":\"VOCALIZE\",\"url\":\"https:\/\/www.vocalize.eu\/\",\"logo\":{\"@type\":\"ImageObject\",\"inLanguage\":\"it-IT\",\"@id\":\"https:\/\/www.vocalize.eu\/#\/schema\/logo\/image\/\",\"url\":\"https:\/\/www.lizevoice.com\/wp-content\/uploads\/2022\/11\/Logo_2022_LIZE-Voice_Sfumatura.png\",\"contentUrl\":\"https:\/\/www.lizevoice.com\/wp-content\/uploads\/2022\/11\/Logo_2022_LIZE-Voice_Sfumatura.png\",\"width\":1600,\"height\":494,\"caption\":\"VOCALIZE\"},\"image\":{\"@id\":\"https:\/\/www.vocalize.eu\/#\/schema\/logo\/image\/\"}}]}<\/script>\n<!-- \/ Yoast SEO plugin. -->","yoast_head_json":{"title":"Next Level Fulfillment - VOCALIZE","description":"VOCALIZE pu\u00f2 rivoluzionare le interazioni tra esseri umani e macchine, sincronizzando le attivit\u00e0 basate sulla voce con i robot AMR.","robots":{"index":"index","follow":"follow","max-snippet":"max-snippet:-1","max-image-preview":"max-image-preview:large","max-video-preview":"max-video-preview:-1"},"canonical":"https:\/\/www.vocalize.eu\/next-level-fulfillment\/","og_locale":"it_IT","og_type":"article","og_title":"Next Level Fulfillment - VOCALIZE","og_description":"VOCALIZE pu\u00f2 rivoluzionare le interazioni tra esseri umani e macchine, sincronizzando le attivit\u00e0 basate sulla voce con i robot AMR.","og_url":"https:\/\/www.vocalize.eu\/next-level-fulfillment\/","og_site_name":"VOCALIZE","article_modified_time":"2023-05-29T15:58:31+00:00","og_image":[{"width":1200,"height":650,"url":"https:\/\/www.vocalize.eu\/wp-content\/uploads\/2023\/05\/Next-Level-Fulfillment-VOCALIZE.jpg","type":"image\/jpeg"}],"twitter_card":"summary_large_image","twitter_misc":{"Tempo di lettura stimato":"1 minuto"},"schema":{"@context":"https:\/\/schema.org","@graph":[{"@type":"WebPage","@id":"https:\/\/www.vocalize.eu\/next-level-fulfillment\/","url":"https:\/\/www.vocalize.eu\/next-level-fulfillment\/","name":"Next Level Fulfillment - VOCALIZE","isPartOf":{"@id":"https:\/\/www.vocalize.eu\/#website"},"primaryImageOfPage":{"@id":"https:\/\/www.vocalize.eu\/next-level-fulfillment\/#primaryimage"},"image":{"@id":"https:\/\/www.vocalize.eu\/next-level-fulfillment\/#primaryimage"},"thumbnailUrl":"https:\/\/www.vocalize.eu\/wp-content\/uploads\/2023\/05\/Next-Level-Fulfillment-VOCALIZE.jpg","datePublished":"2022-11-25T11:36:05+00:00","dateModified":"2023-05-29T15:58:31+00:00","description":"VOCALIZE pu\u00f2 rivoluzionare le interazioni tra esseri umani e macchine, sincronizzando le attivit\u00e0 basate sulla voce con i robot AMR.","breadcrumb":{"@id":"https:\/\/www.vocalize.eu\/next-level-fulfillment\/#breadcrumb"},"inLanguage":"it-IT","potentialAction":[{"@type":"ReadAction","target":["https:\/\/www.vocalize.eu\/next-level-fulfillment\/"]}]},{"@type":"ImageObject","inLanguage":"it-IT","@id":"https:\/\/www.vocalize.eu\/next-level-fulfillment\/#primaryimage","url":"https:\/\/www.vocalize.eu\/wp-content\/uploads\/2023\/05\/Next-Level-Fulfillment-VOCALIZE.jpg","contentUrl":"https:\/\/www.vocalize.eu\/wp-content\/uploads\/2023\/05\/Next-Level-Fulfillment-VOCALIZE.jpg","width":1200,"height":650,"caption":"Next Level Fulfillment"},{"@type":"BreadcrumbList","@id":"https:\/\/www.vocalize.eu\/next-level-fulfillment\/#breadcrumb","itemListElement":[{"@type":"ListItem","position":1,"name":"Home","item":"https:\/\/www.vocalize.eu\/it\/"},{"@type":"ListItem","position":2,"name":"Next Level Fulfillment"}]},{"@type":"WebSite","@id":"https:\/\/www.vocalize.eu\/#website","url":"https:\/\/www.vocalize.eu\/","name":"VOCALIZE","description":"Next Level Fulfillment","publisher":{"@id":"https:\/\/www.vocalize.eu\/#organization"},"potentialAction":[{"@type":"SearchAction","target":{"@type":"EntryPoint","urlTemplate":"https:\/\/www.vocalize.eu\/?s={search_term_string}"},"query-input":{"@type":"PropertyValueSpecification","valueRequired":true,"valueName":"search_term_string"}}],"inLanguage":"it-IT"},{"@type":"Organization","@id":"https:\/\/www.vocalize.eu\/#organization","name":"VOCALIZE","url":"https:\/\/www.vocalize.eu\/","logo":{"@type":"ImageObject","inLanguage":"it-IT","@id":"https:\/\/www.vocalize.eu\/#\/schema\/logo\/image\/","url":"https:\/\/www.lizevoice.com\/wp-content\/uploads\/2022\/11\/Logo_2022_LIZE-Voice_Sfumatura.png","contentUrl":"https:\/\/www.lizevoice.com\/wp-content\/uploads\/2022\/11\/Logo_2022_LIZE-Voice_Sfumatura.png","width":1600,"height":494,"caption":"VOCALIZE"},"image":{"@id":"https:\/\/www.vocalize.eu\/#\/schema\/logo\/image\/"}}]}},"_links":{"self":[{"href":"https:\/\/www.vocalize.eu\/it\/wp-json\/wp\/v2\/pages\/29410","targetHints":{"allow":["GET"]}}],"collection":[{"href":"https:\/\/www.vocalize.eu\/it\/wp-json\/wp\/v2\/pages"}],"about":[{"href":"https:\/\/www.vocalize.eu\/it\/wp-json\/wp\/v2\/types\/page"}],"author":[{"embeddable":true,"href":"https:\/\/www.vocalize.eu\/it\/wp-json\/wp\/v2\/users\/2"}],"replies":[{"embeddable":true,"href":"https:\/\/www.vocalize.eu\/it\/wp-json\/wp\/v2\/comments?post=29410"}],"version-history":[{"count":0,"href":"https:\/\/www.vocalize.eu\/it\/wp-json\/wp\/v2\/pages\/29410\/revisions"}],"wp:featuredmedia":[{"embeddable":true,"href":"https:\/\/www.vocalize.eu\/it\/wp-json\/wp\/v2\/media\/31386"}],"wp:attachment":[{"href":"https:\/\/www.vocalize.eu\/it\/wp-json\/wp\/v2\/media?parent=29410"}],"curies":[{"name":"wp","href":"https:\/\/api.w.org\/{rel}","templated":true}]}}