{"id":29414,"date":"2022-11-25T12:40:05","date_gmt":"2022-11-25T11:40:05","guid":{"rendered":"https:\/\/vocalize25.vocalize.eu\/platform-flexibility\/"},"modified":"2023-05-29T15:24:27","modified_gmt":"2023-05-29T14:24:27","slug":"platform-flexibility","status":"publish","type":"page","link":"https:\/\/www.vocalize.eu\/it\/platform-flexibility\/","title":{"rendered":"Platform Flexibility"},"content":{"rendered":"\t\t<div data-elementor-type=\"wp-page\" data-elementor-id=\"29414\" class=\"elementor elementor-29414\" data-elementor-post-type=\"page\">\n\t\t\t\t<div class=\"elementor-element elementor-element-40d1cbd e-flex e-con-boxed e-con e-parent\" data-id=\"40d1cbd\" data-element_type=\"container\">\n\t\t\t\t\t<div class=\"e-con-inner\">\n\t\t\t\t\t<\/div>\n\t\t\t\t<\/div>\n\t\t<div class=\"elementor-element elementor-element-15079b9 e-flex e-con-boxed e-con e-parent\" data-id=\"15079b9\" data-element_type=\"container\">\n\t\t\t\t\t<div class=\"e-con-inner\">\n\t\t<div class=\"elementor-element elementor-element-146cfab e-con-full e-flex e-con e-child\" data-id=\"146cfab\" data-element_type=\"container\" data-settings=\"{&quot;background_background&quot;:&quot;classic&quot;}\">\n\t\t\t\t<\/div>\n\t\t<div class=\"elementor-element elementor-element-841dc97 e-con-full e-flex e-con e-child\" data-id=\"841dc97\" data-element_type=\"container\">\n\t\t\t\t<div class=\"elementor-element elementor-element-656b999 elementor-widget elementor-widget-heading\" data-id=\"656b999\" data-element_type=\"widget\" data-widget_type=\"heading.default\">\n\t\t\t\t<div class=\"elementor-widget-container\">\n\t\t\t\t\t<h2 class=\"elementor-heading-title elementor-size-default\">Hardware independent<\/h2>\t\t\t\t<\/div>\n\t\t\t\t<\/div>\n\t\t\t\t<div class=\"elementor-element elementor-element-c871e85 elementor-widget elementor-widget-text-editor\" data-id=\"c871e85\" data-element_type=\"widget\" data-widget_type=\"text-editor.default\">\n\t\t\t\t<div class=\"elementor-widget-container\">\n\t\t\t\t\t\t\t\t\t<p>VOCALIZE pu\u00f2 operare potenzialmente su qualsiasi dispositivo Android Enterprise. Integrato nel sistema operativo, pu\u00f2 sfruttare tutte le funzionalit\u00e0 del device per svolgere tutti i processi aziendali sul campo.<\/p>\n\t\t\t\t\t\t\t\t<\/div>\n\t\t\t\t<\/div>\n\t\t\t\t<\/div>\n\t\t\t\t\t<\/div>\n\t\t\t\t<\/div>\n\t\t<div class=\"elementor-element elementor-element-fec7005 e-flex e-con-boxed e-con e-parent\" data-id=\"fec7005\" data-element_type=\"container\" data-settings=\"{&quot;background_background&quot;:&quot;gradient&quot;}\">\n\t\t\t\t\t<div class=\"e-con-inner\">\n\t\t<div class=\"elementor-element elementor-element-562aceb e-con-full e-flex e-con e-child\" data-id=\"562aceb\" data-element_type=\"container\">\n\t\t\t\t<\/div>\n\t\t\t\t\t<\/div>\n\t\t\t\t<\/div>\n\t\t<div class=\"elementor-element elementor-element-74a7b22 e-flex e-con-boxed e-con e-parent\" data-id=\"74a7b22\" data-element_type=\"container\" data-settings=\"{&quot;background_background&quot;:&quot;classic&quot;}\">\n\t\t\t\t\t<div class=\"e-con-inner\">\n\t\t<div class=\"elementor-element elementor-element-cd24a29 e-con-full e-flex e-con e-child\" data-id=\"cd24a29\" data-element_type=\"container\">\n\t\t\t\t<div class=\"elementor-element elementor-element-07e41fc elementor-widget elementor-widget-heading\" data-id=\"07e41fc\" data-element_type=\"widget\" data-widget_type=\"heading.default\">\n\t\t\t\t<div class=\"elementor-widget-container\">\n\t\t\t\t\t<h2 class=\"elementor-heading-title elementor-size-default\">Il Migliore Fattore di Forma per i processi aziendali<\/h2>\t\t\t\t<\/div>\n\t\t\t\t<\/div>\n\t\t\t\t<div class=\"elementor-element elementor-element-0be6d43 elementor-widget elementor-widget-text-editor\" data-id=\"0be6d43\" data-element_type=\"widget\" data-widget_type=\"text-editor.default\">\n\t\t\t\t<div class=\"elementor-widget-container\">\n\t\t\t\t\t\t\t\t\t<p>\u00c8 possibile soddisfare una vasta gamma di bisogni abilitando l\u2019utilizzo delle tecnologie hardware pi\u00f9 adatte alle attivit\u00e0 aziendali nel magazzino. Ogni processo pu\u00f2 essere abbinato al dispositivo pi\u00f9 adatto in base all&#8217;utente, all&#8217;ambiente e ai requisiti dell&#8217;applicazione.<\/p>\n\t\t\t\t\t\t\t\t<\/div>\n\t\t\t\t<\/div>\n\t\t\t\t<\/div>\n\t\t<div class=\"elementor-element elementor-element-5371569 e-con-full e-flex e-con e-child\" data-id=\"5371569\" data-element_type=\"container\" data-settings=\"{&quot;background_background&quot;:&quot;classic&quot;}\">\n\t\t\t\t<\/div>\n\t\t\t\t\t<\/div>\n\t\t\t\t<\/div>\n\t\t<div class=\"elementor-element elementor-element-b255e5e e-flex e-con-boxed e-con e-parent\" data-id=\"b255e5e\" data-element_type=\"container\" data-settings=\"{&quot;background_background&quot;:&quot;gradient&quot;}\">\n\t\t\t\t\t<div class=\"e-con-inner\">\n\t\t\t\t\t<\/div>\n\t\t\t\t<\/div>\n\t\t<div class=\"elementor-element elementor-element-2f5ebe8 e-flex e-con-boxed e-con e-parent\" data-id=\"2f5ebe8\" data-element_type=\"container\">\n\t\t\t\t\t<div class=\"e-con-inner\">\n\t\t<div class=\"elementor-element elementor-element-2acfa77 e-con-full e-flex e-con e-child\" data-id=\"2acfa77\" data-element_type=\"container\" data-settings=\"{&quot;background_background&quot;:&quot;classic&quot;}\">\n\t\t\t\t<\/div>\n\t\t<div class=\"elementor-element elementor-element-494e5b0 e-con-full e-flex e-con e-child\" data-id=\"494e5b0\" data-element_type=\"container\">\n\t\t\t\t<div class=\"elementor-element elementor-element-76fcf3b elementor-widget elementor-widget-heading\" data-id=\"76fcf3b\" data-element_type=\"widget\" data-widget_type=\"heading.default\">\n\t\t\t\t<div class=\"elementor-widget-container\">\n\t\t\t\t\t<h2 class=\"elementor-heading-title elementor-size-default\">La Voce Oltre il Magazzino<\/h2>\t\t\t\t<\/div>\n\t\t\t\t<\/div>\n\t\t\t\t<div class=\"elementor-element elementor-element-bb7bd30 elementor-widget elementor-widget-text-editor\" data-id=\"bb7bd30\" data-element_type=\"widget\" data-widget_type=\"text-editor.default\">\n\t\t\t\t<div class=\"elementor-widget-container\">\n\t\t\t\t\t\t\t\t\t<p>Porta i vantaggi di un&#8217;interfaccia vocale verso diverse attivit\u00e0 della Supply Chain oltre al picking all&#8217;interno del magazzino.<\/p>\n\t\t\t\t\t\t\t\t<\/div>\n\t\t\t\t<\/div>\n\t\t\t\t<\/div>\n\t\t\t\t\t<\/div>\n\t\t\t\t<\/div>\n\t\t<div class=\"elementor-element elementor-element-a95735a e-flex e-con-boxed e-con e-parent\" data-id=\"a95735a\" data-element_type=\"container\">\n\t\t\t\t\t<div class=\"e-con-inner\">\n\t\t\t\t<div class=\"elementor-element elementor-element-5a6a94e elementor-widget-divider--view-line elementor-widget elementor-widget-divider\" data-id=\"5a6a94e\" data-element_type=\"widget\" data-widget_type=\"divider.default\">\n\t\t\t\t<div class=\"elementor-widget-container\">\n\t\t\t\t\t\t\t<div class=\"elementor-divider\">\n\t\t\t<span class=\"elementor-divider-separator\">\n\t\t\t\t\t\t<\/span>\n\t\t<\/div>\n\t\t\t\t\t\t<\/div>\n\t\t\t\t<\/div>\n\t\t\t\t\t<\/div>\n\t\t\t\t<\/div>\n\t\t<div class=\"elementor-element elementor-element-391481e e-con-full e-flex e-con e-parent\" data-id=\"391481e\" data-element_type=\"container\" data-settings=\"{&quot;background_background&quot;:&quot;classic&quot;}\">\n\t\t<div class=\"elementor-element elementor-element-6e9e28a e-con-full e-flex e-con e-child\" data-id=\"6e9e28a\" data-element_type=\"container\" data-settings=\"{&quot;background_background&quot;:&quot;classic&quot;,&quot;motion_fx_motion_fx_scrolling&quot;:&quot;yes&quot;,&quot;motion_fx_translateY_effect&quot;:&quot;yes&quot;,&quot;motion_fx_translateY_speed&quot;:{&quot;unit&quot;:&quot;px&quot;,&quot;size&quot;:1,&quot;sizes&quot;:[]},&quot;motion_fx_translateY_affectedRange&quot;:{&quot;unit&quot;:&quot;%&quot;,&quot;size&quot;:&quot;&quot;,&quot;sizes&quot;:{&quot;start&quot;:0,&quot;end&quot;:100}},&quot;motion_fx_devices&quot;:[&quot;desktop&quot;,&quot;tablet&quot;,&quot;mobile&quot;]}\">\n\t\t<div class=\"elementor-element elementor-element-03b6464 e-con-full e-flex e-con e-child\" data-id=\"03b6464\" data-element_type=\"container\">\n\t\t\t\t<div class=\"elementor-element elementor-element-5fddc42 elementor-widget elementor-widget-heading\" data-id=\"5fddc42\" data-element_type=\"widget\" data-widget_type=\"heading.default\">\n\t\t\t\t<div class=\"elementor-widget-container\">\n\t\t\t\t\t<h2 class=\"elementor-heading-title elementor-size-default\">Platform Flexibility<\/h2>\t\t\t\t<\/div>\n\t\t\t\t<\/div>\n\t\t\t\t<div class=\"elementor-element elementor-element-2d9f1ee elementor-widget elementor-widget-text-editor\" data-id=\"2d9f1ee\" data-element_type=\"widget\" data-widget_type=\"text-editor.default\">\n\t\t\t\t<div class=\"elementor-widget-container\">\n\t\t\t\t\t\t\t\t\t<p>Scopri di pi\u00f9 su come VOCALIZE pu\u00f2 adattarsi a diversi fattori di forma Android e sfruttare tutte le capacit\u00e0 native dei device.<\/p>\n\t\t\t\t\t\t\t\t<\/div>\n\t\t\t\t<\/div>\n\t\t\t\t<div class=\"elementor-element elementor-element-db6b4f5 elementor-align-center elementor-widget elementor-widget-the7_button_widget\" data-id=\"db6b4f5\" data-element_type=\"widget\" data-widget_type=\"the7_button_widget.default\">\n\t\t\t\t<div class=\"elementor-widget-container\">\n\t\t\t\t\t<div class=\"elementor-button-wrapper\"><button class=\"box-button elementor-button elementor-size-md\">Platform flexibility<i aria-hidden=\"true\" class=\"elementor-button-icon fas fa-genderless\"><\/i><\/button><\/div>\t\t\t\t<\/div>\n\t\t\t\t<\/div>\n\t\t\t\t<\/div>\n\t\t\t\t<\/div>\n\t\t<div class=\"elementor-element elementor-element-db0de25 e-con-full e-flex e-con e-child\" data-id=\"db0de25\" data-element_type=\"container\" data-settings=\"{&quot;background_background&quot;:&quot;classic&quot;,&quot;motion_fx_motion_fx_scrolling&quot;:&quot;yes&quot;,&quot;motion_fx_translateY_effect&quot;:&quot;yes&quot;,&quot;motion_fx_translateY_speed&quot;:{&quot;unit&quot;:&quot;px&quot;,&quot;size&quot;:1,&quot;sizes&quot;:[]},&quot;motion_fx_translateY_affectedRange&quot;:{&quot;unit&quot;:&quot;%&quot;,&quot;size&quot;:&quot;&quot;,&quot;sizes&quot;:{&quot;start&quot;:0,&quot;end&quot;:100}},&quot;motion_fx_devices&quot;:[&quot;desktop&quot;,&quot;tablet&quot;,&quot;mobile&quot;]}\">\n\t\t<div class=\"elementor-element elementor-element-3800d39 e-con-full e-flex e-con e-child\" data-id=\"3800d39\" data-element_type=\"container\">\n\t\t\t\t<div class=\"elementor-element elementor-element-2fad8a7 elementor-widget elementor-widget-heading\" data-id=\"2fad8a7\" data-element_type=\"widget\" data-widget_type=\"heading.default\">\n\t\t\t\t<div class=\"elementor-widget-container\">\n\t\t\t\t\t<h2 class=\"elementor-heading-title elementor-size-default\">Next-Level Applications<\/h2>\t\t\t\t<\/div>\n\t\t\t\t<\/div>\n\t\t\t\t<div class=\"elementor-element elementor-element-fe4137d elementor-widget elementor-widget-text-editor\" data-id=\"fe4137d\" data-element_type=\"widget\" data-widget_type=\"text-editor.default\">\n\t\t\t\t<div class=\"elementor-widget-container\">\n\t\t\t\t\t\t\t\t\t<p>Scoprite come VOCALIZE pu\u00f2 essere esteso a pi\u00f9 applicazioni di magazzino e ad altri processi della supply chain.<\/p>\n\t\t\t\t\t\t\t\t<\/div>\n\t\t\t\t<\/div>\n\t\t\t\t<div class=\"elementor-element elementor-element-9962289 elementor-align-center elementor-widget elementor-widget-the7_button_widget\" data-id=\"9962289\" data-element_type=\"widget\" data-widget_type=\"the7_button_widget.default\">\n\t\t\t\t<div class=\"elementor-widget-container\">\n\t\t\t\t\t<div class=\"elementor-button-wrapper\"><a href=\"https:\/\/www.vocalize.eu\/next-level-applications\/\" class=\"box-button elementor-button elementor-size-md\">Next-level Applications<i aria-hidden=\"true\" class=\"elementor-button-icon  icomoon-the7-font-the7-arrow-25\"><\/i><\/a><\/div>\t\t\t\t<\/div>\n\t\t\t\t<\/div>\n\t\t\t\t<\/div>\n\t\t\t\t<\/div>\n\t\t\t\t<\/div>\n\t\t<div class=\"elementor-element elementor-element-dfc21ca e-flex e-con-boxed e-con e-parent\" data-id=\"dfc21ca\" data-element_type=\"container\">\n\t\t\t\t\t<div class=\"e-con-inner\">\n\t\t\t\t<div class=\"elementor-element elementor-element-e36f2ea elementor-widget elementor-widget-spacer\" data-id=\"e36f2ea\" data-element_type=\"widget\" data-widget_type=\"spacer.default\">\n\t\t\t\t<div class=\"elementor-widget-container\">\n\t\t\t\t\t\t\t<div class=\"elementor-spacer\">\n\t\t\t<div class=\"elementor-spacer-inner\"><\/div>\n\t\t<\/div>\n\t\t\t\t\t\t<\/div>\n\t\t\t\t<\/div>\n\t\t\t\t\t<\/div>\n\t\t\t\t<\/div>\n\t\t\t\t<\/div>\n\t\t","protected":false},"excerpt":{"rendered":"<p>Hardware independent VOCALIZE pu\u00f2 operare potenzialmente su qualsiasi dispositivo Android Enterprise. Integrato nel sistema operativo, pu\u00f2 sfruttare tutte le funzionalit\u00e0 del device per svolgere tutti i processi aziendali sul campo. Il Migliore Fattore di Forma per i processi aziendali \u00c8 possibile soddisfare una vasta gamma di bisogni abilitando l\u2019utilizzo delle tecnologie hardware pi\u00f9 adatte alle&hellip;<\/p>\n","protected":false},"author":2,"featured_media":31330,"parent":0,"menu_order":0,"comment_status":"closed","ping_status":"closed","template":"elementor_header_footer","meta":{"_acf_changed":false,"_monsterinsights_skip_tracking":false,"_monsterinsights_sitenote_active":false,"_monsterinsights_sitenote_note":"","_monsterinsights_sitenote_category":0,"footnotes":""},"class_list":["post-29414","page","type-page","status-publish","has-post-thumbnail","hentry"],"acf":[],"yoast_head":"<!-- This site is optimized with the Yoast SEO plugin v25.8 - https:\/\/yoast.com\/wordpress\/plugins\/seo\/ -->\n<title>Platform Flexibility - VOCALIZE<\/title>\n<meta name=\"description\" content=\"VOCALIZE \u00e8 in grado di adattarsi a diversi dispositivi, arricchendo la raccolta dei dati, l&#039;esperienza dell&#039;utente e gli ambienti applicativi\" \/>\n<meta name=\"robots\" content=\"index, follow, max-snippet:-1, max-image-preview:large, max-video-preview:-1\" \/>\n<link rel=\"canonical\" href=\"https:\/\/www.vocalize.eu\/platform-flexibility\/\" \/>\n<meta property=\"og:locale\" content=\"it_IT\" \/>\n<meta property=\"og:type\" content=\"article\" \/>\n<meta property=\"og:title\" content=\"Platform Flexibility - VOCALIZE\" \/>\n<meta property=\"og:description\" content=\"VOCALIZE \u00e8 in grado di adattarsi a diversi dispositivi, arricchendo la raccolta dei dati, l&#039;esperienza dell&#039;utente e gli ambienti applicativi\" \/>\n<meta property=\"og:url\" content=\"https:\/\/www.vocalize.eu\/platform-flexibility\/\" \/>\n<meta property=\"og:site_name\" content=\"VOCALIZE\" \/>\n<meta property=\"article:modified_time\" content=\"2023-05-29T14:24:27+00:00\" \/>\n<meta property=\"og:image\" content=\"https:\/\/www.vocalize.eu\/wp-content\/uploads\/2023\/05\/Platform-Flexibility-VOCALIZE.jpg\" \/>\n\t<meta property=\"og:image:width\" content=\"1200\" \/>\n\t<meta property=\"og:image:height\" content=\"650\" \/>\n\t<meta property=\"og:image:type\" content=\"image\/jpeg\" \/>\n<meta name=\"twitter:card\" content=\"summary_large_image\" \/>\n<meta name=\"twitter:label1\" content=\"Tempo di lettura stimato\" \/>\n\t<meta name=\"twitter:data1\" content=\"1 minuto\" \/>\n<script type=\"application\/ld+json\" class=\"yoast-schema-graph\">{\"@context\":\"https:\/\/schema.org\",\"@graph\":[{\"@type\":\"WebPage\",\"@id\":\"https:\/\/www.vocalize.eu\/platform-flexibility\/\",\"url\":\"https:\/\/www.vocalize.eu\/platform-flexibility\/\",\"name\":\"Platform Flexibility - VOCALIZE\",\"isPartOf\":{\"@id\":\"https:\/\/www.vocalize.eu\/#website\"},\"primaryImageOfPage\":{\"@id\":\"https:\/\/www.vocalize.eu\/platform-flexibility\/#primaryimage\"},\"image\":{\"@id\":\"https:\/\/www.vocalize.eu\/platform-flexibility\/#primaryimage\"},\"thumbnailUrl\":\"https:\/\/www.vocalize.eu\/wp-content\/uploads\/2023\/05\/Platform-Flexibility-VOCALIZE.jpg\",\"datePublished\":\"2022-11-25T11:40:05+00:00\",\"dateModified\":\"2023-05-29T14:24:27+00:00\",\"description\":\"VOCALIZE \u00e8 in grado di adattarsi a diversi dispositivi, arricchendo la raccolta dei dati, l'esperienza dell'utente e gli ambienti applicativi\",\"breadcrumb\":{\"@id\":\"https:\/\/www.vocalize.eu\/platform-flexibility\/#breadcrumb\"},\"inLanguage\":\"it-IT\",\"potentialAction\":[{\"@type\":\"ReadAction\",\"target\":[\"https:\/\/www.vocalize.eu\/platform-flexibility\/\"]}]},{\"@type\":\"ImageObject\",\"inLanguage\":\"it-IT\",\"@id\":\"https:\/\/www.vocalize.eu\/platform-flexibility\/#primaryimage\",\"url\":\"https:\/\/www.vocalize.eu\/wp-content\/uploads\/2023\/05\/Platform-Flexibility-VOCALIZE.jpg\",\"contentUrl\":\"https:\/\/www.vocalize.eu\/wp-content\/uploads\/2023\/05\/Platform-Flexibility-VOCALIZE.jpg\",\"width\":1200,\"height\":650,\"caption\":\"pla\"},{\"@type\":\"BreadcrumbList\",\"@id\":\"https:\/\/www.vocalize.eu\/platform-flexibility\/#breadcrumb\",\"itemListElement\":[{\"@type\":\"ListItem\",\"position\":1,\"name\":\"Home\",\"item\":\"https:\/\/www.vocalize.eu\/it\/\"},{\"@type\":\"ListItem\",\"position\":2,\"name\":\"Platform Flexibility\"}]},{\"@type\":\"WebSite\",\"@id\":\"https:\/\/www.vocalize.eu\/#website\",\"url\":\"https:\/\/www.vocalize.eu\/\",\"name\":\"VOCALIZE\",\"description\":\"Next Level Fulfillment\",\"publisher\":{\"@id\":\"https:\/\/www.vocalize.eu\/#organization\"},\"potentialAction\":[{\"@type\":\"SearchAction\",\"target\":{\"@type\":\"EntryPoint\",\"urlTemplate\":\"https:\/\/www.vocalize.eu\/?s={search_term_string}\"},\"query-input\":{\"@type\":\"PropertyValueSpecification\",\"valueRequired\":true,\"valueName\":\"search_term_string\"}}],\"inLanguage\":\"it-IT\"},{\"@type\":\"Organization\",\"@id\":\"https:\/\/www.vocalize.eu\/#organization\",\"name\":\"VOCALIZE\",\"url\":\"https:\/\/www.vocalize.eu\/\",\"logo\":{\"@type\":\"ImageObject\",\"inLanguage\":\"it-IT\",\"@id\":\"https:\/\/www.vocalize.eu\/#\/schema\/logo\/image\/\",\"url\":\"https:\/\/www.lizevoice.com\/wp-content\/uploads\/2022\/11\/Logo_2022_LIZE-Voice_Sfumatura.png\",\"contentUrl\":\"https:\/\/www.lizevoice.com\/wp-content\/uploads\/2022\/11\/Logo_2022_LIZE-Voice_Sfumatura.png\",\"width\":1600,\"height\":494,\"caption\":\"VOCALIZE\"},\"image\":{\"@id\":\"https:\/\/www.vocalize.eu\/#\/schema\/logo\/image\/\"}}]}<\/script>\n<!-- \/ Yoast SEO plugin. -->","yoast_head_json":{"title":"Platform Flexibility - VOCALIZE","description":"VOCALIZE \u00e8 in grado di adattarsi a diversi dispositivi, arricchendo la raccolta dei dati, l'esperienza dell'utente e gli ambienti applicativi","robots":{"index":"index","follow":"follow","max-snippet":"max-snippet:-1","max-image-preview":"max-image-preview:large","max-video-preview":"max-video-preview:-1"},"canonical":"https:\/\/www.vocalize.eu\/platform-flexibility\/","og_locale":"it_IT","og_type":"article","og_title":"Platform Flexibility - VOCALIZE","og_description":"VOCALIZE \u00e8 in grado di adattarsi a diversi dispositivi, arricchendo la raccolta dei dati, l'esperienza dell'utente e gli ambienti applicativi","og_url":"https:\/\/www.vocalize.eu\/platform-flexibility\/","og_site_name":"VOCALIZE","article_modified_time":"2023-05-29T14:24:27+00:00","og_image":[{"width":1200,"height":650,"url":"https:\/\/www.vocalize.eu\/wp-content\/uploads\/2023\/05\/Platform-Flexibility-VOCALIZE.jpg","type":"image\/jpeg"}],"twitter_card":"summary_large_image","twitter_misc":{"Tempo di lettura stimato":"1 minuto"},"schema":{"@context":"https:\/\/schema.org","@graph":[{"@type":"WebPage","@id":"https:\/\/www.vocalize.eu\/platform-flexibility\/","url":"https:\/\/www.vocalize.eu\/platform-flexibility\/","name":"Platform Flexibility - VOCALIZE","isPartOf":{"@id":"https:\/\/www.vocalize.eu\/#website"},"primaryImageOfPage":{"@id":"https:\/\/www.vocalize.eu\/platform-flexibility\/#primaryimage"},"image":{"@id":"https:\/\/www.vocalize.eu\/platform-flexibility\/#primaryimage"},"thumbnailUrl":"https:\/\/www.vocalize.eu\/wp-content\/uploads\/2023\/05\/Platform-Flexibility-VOCALIZE.jpg","datePublished":"2022-11-25T11:40:05+00:00","dateModified":"2023-05-29T14:24:27+00:00","description":"VOCALIZE \u00e8 in grado di adattarsi a diversi dispositivi, arricchendo la raccolta dei dati, l'esperienza dell'utente e gli ambienti applicativi","breadcrumb":{"@id":"https:\/\/www.vocalize.eu\/platform-flexibility\/#breadcrumb"},"inLanguage":"it-IT","potentialAction":[{"@type":"ReadAction","target":["https:\/\/www.vocalize.eu\/platform-flexibility\/"]}]},{"@type":"ImageObject","inLanguage":"it-IT","@id":"https:\/\/www.vocalize.eu\/platform-flexibility\/#primaryimage","url":"https:\/\/www.vocalize.eu\/wp-content\/uploads\/2023\/05\/Platform-Flexibility-VOCALIZE.jpg","contentUrl":"https:\/\/www.vocalize.eu\/wp-content\/uploads\/2023\/05\/Platform-Flexibility-VOCALIZE.jpg","width":1200,"height":650,"caption":"pla"},{"@type":"BreadcrumbList","@id":"https:\/\/www.vocalize.eu\/platform-flexibility\/#breadcrumb","itemListElement":[{"@type":"ListItem","position":1,"name":"Home","item":"https:\/\/www.vocalize.eu\/it\/"},{"@type":"ListItem","position":2,"name":"Platform Flexibility"}]},{"@type":"WebSite","@id":"https:\/\/www.vocalize.eu\/#website","url":"https:\/\/www.vocalize.eu\/","name":"VOCALIZE","description":"Next Level Fulfillment","publisher":{"@id":"https:\/\/www.vocalize.eu\/#organization"},"potentialAction":[{"@type":"SearchAction","target":{"@type":"EntryPoint","urlTemplate":"https:\/\/www.vocalize.eu\/?s={search_term_string}"},"query-input":{"@type":"PropertyValueSpecification","valueRequired":true,"valueName":"search_term_string"}}],"inLanguage":"it-IT"},{"@type":"Organization","@id":"https:\/\/www.vocalize.eu\/#organization","name":"VOCALIZE","url":"https:\/\/www.vocalize.eu\/","logo":{"@type":"ImageObject","inLanguage":"it-IT","@id":"https:\/\/www.vocalize.eu\/#\/schema\/logo\/image\/","url":"https:\/\/www.lizevoice.com\/wp-content\/uploads\/2022\/11\/Logo_2022_LIZE-Voice_Sfumatura.png","contentUrl":"https:\/\/www.lizevoice.com\/wp-content\/uploads\/2022\/11\/Logo_2022_LIZE-Voice_Sfumatura.png","width":1600,"height":494,"caption":"VOCALIZE"},"image":{"@id":"https:\/\/www.vocalize.eu\/#\/schema\/logo\/image\/"}}]}},"_links":{"self":[{"href":"https:\/\/www.vocalize.eu\/it\/wp-json\/wp\/v2\/pages\/29414","targetHints":{"allow":["GET"]}}],"collection":[{"href":"https:\/\/www.vocalize.eu\/it\/wp-json\/wp\/v2\/pages"}],"about":[{"href":"https:\/\/www.vocalize.eu\/it\/wp-json\/wp\/v2\/types\/page"}],"author":[{"embeddable":true,"href":"https:\/\/www.vocalize.eu\/it\/wp-json\/wp\/v2\/users\/2"}],"replies":[{"embeddable":true,"href":"https:\/\/www.vocalize.eu\/it\/wp-json\/wp\/v2\/comments?post=29414"}],"version-history":[{"count":0,"href":"https:\/\/www.vocalize.eu\/it\/wp-json\/wp\/v2\/pages\/29414\/revisions"}],"wp:featuredmedia":[{"embeddable":true,"href":"https:\/\/www.vocalize.eu\/it\/wp-json\/wp\/v2\/media\/31330"}],"wp:attachment":[{"href":"https:\/\/www.vocalize.eu\/it\/wp-json\/wp\/v2\/media?parent=29414"}],"curies":[{"name":"wp","href":"https:\/\/api.w.org\/{rel}","templated":true}]}}